{"id":60037,"date":"2025-11-10T22:47:44","date_gmt":"2025-11-10T21:47:44","guid":{"rendered":"https:\/\/www.ernstbrunn-apotheke.at\/katalog\/produkt\/bioderma-atoderm-intensiv-balsam-500-ml\/"},"modified":"2025-12-08T17:19:40","modified_gmt":"2025-12-08T16:19:40","slug":"bioderma-atoderm-intensiv-balsam-500-ml","status":"publish","type":"product","link":"https:\/\/www.ernstbrunn-apotheke.at\/katalog\/produkt\/bioderma-atoderm-intensiv-balsam-500-ml\/","title":{"rendered":"Bioderma Atoderm Intensiv Balsam 500 ml"},"content":{"rendered":"<p>Bioderma Atoderm Intensiv Balsam 500 ml ist die erste Dauerpflege zur Behandlung von Neurodermitis w\u00e4hrend akuter Sch\u00fcbe und in schubfreien Phasen. Die lindernde, aufbauende Pflege beruhigt irritierte Haut und erh\u00f6ht ihr Wohlbefinden. Bioderma Atoderm Intensiv Balsam 500 ml wirkt schnell und effektiv bei Juckreiz und unterdr\u00fcckt das Bed\u00fcrfnis sich zu kratzen. Entz\u00fcndungen werden reduziert, die Haut wird durchfeuchtet und regeneriert. Ohne Duftstoffe, ohne Parabene.<\/p>\n","protected":false},"excerpt":{"rendered":"<p>Bioderma Atoderm Intensiv Balsam 500 ml ist die erste Dauerpflege zur Behandlung von Neurodermitis w\u00e4hrend akuter Sch\u00fcbe und in schubfreien Phasen. Die lindernde, aufbauende Pflege beruhigt irritierte Haut und erh\u00f6ht ihr Wohlbefinden. Bioderma Atoderm Intensiv Balsam 500 ml wirkt schnell und effektiv bei Juckreiz und unterdr\u00fcckt das Bed\u00fcrfnis sich zu kratzen. Entz\u00fcndungen werden reduziert, die [&hellip;]<\/p>\n","protected":false},"featured_media":60039,"template":"","meta":{"_acf_changed":false},"product_brand":[657],"product_cat":[802],"product_tag":[],"class_list":{"0":"post-60037","1":"product","2":"type-product","3":"status-publish","4":"has-post-thumbnail","6":"product_brand-bioderma","7":"product_cat-b","8":"pa_packungsgroesse-500ml","10":"first","11":"instock","12":"shipping-taxable","13":"purchasable","14":"product-type-simple"},"acf":[],"_links":{"self":[{"href":"https:\/\/www.ernstbrunn-apotheke.at\/katalog\/wp-json\/wp\/v2\/product\/60037","targetHints":{"allow":["GET"]}}],"collection":[{"href":"https:\/\/www.ernstbrunn-apotheke.at\/katalog\/wp-json\/wp\/v2\/product"}],"about":[{"href":"https:\/\/www.ernstbrunn-apotheke.at\/katalog\/wp-json\/wp\/v2\/types\/product"}],"wp:featuredmedia":[{"embeddable":true,"href":"https:\/\/www.ernstbrunn-apotheke.at\/katalog\/wp-json\/wp\/v2\/media\/60039"}],"wp:attachment":[{"href":"https:\/\/www.ernstbrunn-apotheke.at\/katalog\/wp-json\/wp\/v2\/media?parent=60037"}],"wp:term":[{"taxonomy":"product_brand","embeddable":true,"href":"https:\/\/www.ernstbrunn-apotheke.at\/katalog\/wp-json\/wp\/v2\/product_brand?post=60037"},{"taxonomy":"product_cat","embeddable":true,"href":"https:\/\/www.ernstbrunn-apotheke.at\/katalog\/wp-json\/wp\/v2\/product_cat?post=60037"},{"taxonomy":"product_tag","embeddable":true,"href":"https:\/\/www.ernstbrunn-apotheke.at\/katalog\/wp-json\/wp\/v2\/product_tag?post=60037"}],"curies":[{"name":"wp","href":"https:\/\/api.w.org\/{rel}","templated":true}]}}