{"id":59919,"date":"2025-11-10T22:45:54","date_gmt":"2025-11-10T21:45:54","guid":{"rendered":"https:\/\/www.ernstbrunn-apotheke.at\/katalog\/produkt\/chi-cafe-classic-aromatischer-wellness-kaffee-400g\/"},"modified":"2025-12-08T17:19:02","modified_gmt":"2025-12-08T16:19:02","slug":"chi-cafe-classic-aromatischer-wellness-kaffee-400g","status":"publish","type":"product","link":"https:\/\/www.ernstbrunn-apotheke.at\/katalog\/produkt\/chi-cafe-classic-aromatischer-wellness-kaffee-400g\/","title":{"rendered":"Chi-Cafe classic aromatischer Wellness Kaffee 400g"},"content":{"rendered":"<p>Chi-Cafe classic weckt das \u201eChi\u201c, die Lebensenergie, und befl\u00fcgelt Geist und Gem\u00fct.(siehe 1,2)Das erste ballaststoffreiche Kaffeegetr\u00e4nk mit aromatischen Pflanzenextrakten sorgt f\u00fcr puren Genuss. Chi-Cafe classic ist eine Kombination von erlesenen Kaffeesorten, erg\u00e4nzt mit besonderen Pflanzenextrakten aus Ginseng, Guarana und Reishi-Pilz, die f\u00fcr einen einmalig aromatischen Geschmack sorgen.1) Calcium unterst\u00fctzt die Erhaltung normaler Knochen und Z\u00e4hne, einen normalen Energie-Stoffwechsel und die normale Funktion von Verdauungsenzymen im Darm. Chi-Cafe classic ist gut f\u00fcr Darm und Verdauung.2) Pro Tasse Chi-Cafe classic sind etwa 75 mg Koffein enthalten, das die Aufmerksamkeit erh\u00f6ht und die Konzentration verbessert.<\/p>\n","protected":false},"excerpt":{"rendered":"<p>Chi-Cafe classic weckt das \u201eChi\u201c, die Lebensenergie, und befl\u00fcgelt Geist und Gem\u00fct.(siehe 1,2)Das erste ballaststoffreiche Kaffeegetr\u00e4nk mit aromatischen Pflanzenextrakten sorgt f\u00fcr puren Genuss. Chi-Cafe classic ist eine Kombination von erlesenen Kaffeesorten, erg\u00e4nzt mit besonderen Pflanzenextrakten aus Ginseng, Guarana und Reishi-Pilz, die f\u00fcr einen einmalig aromatischen Geschmack sorgen.1) Calcium unterst\u00fctzt die Erhaltung normaler Knochen und Z\u00e4hne, [&hellip;]<\/p>\n","protected":false},"featured_media":59921,"template":"","meta":{"_acf_changed":false},"product_brand":[1136],"product_cat":[812],"product_tag":[],"class_list":{"0":"post-59919","1":"product","2":"type-product","3":"status-publish","4":"has-post-thumbnail","6":"product_brand-chi-cafe","7":"product_cat-c","8":"pa_packungsgroesse-400g","10":"first","11":"instock","12":"shipping-taxable","13":"purchasable","14":"product-type-simple"},"acf":[],"_links":{"self":[{"href":"https:\/\/www.ernstbrunn-apotheke.at\/katalog\/wp-json\/wp\/v2\/product\/59919","targetHints":{"allow":["GET"]}}],"collection":[{"href":"https:\/\/www.ernstbrunn-apotheke.at\/katalog\/wp-json\/wp\/v2\/product"}],"about":[{"href":"https:\/\/www.ernstbrunn-apotheke.at\/katalog\/wp-json\/wp\/v2\/types\/product"}],"wp:featuredmedia":[{"embeddable":true,"href":"https:\/\/www.ernstbrunn-apotheke.at\/katalog\/wp-json\/wp\/v2\/media\/59921"}],"wp:attachment":[{"href":"https:\/\/www.ernstbrunn-apotheke.at\/katalog\/wp-json\/wp\/v2\/media?parent=59919"}],"wp:term":[{"taxonomy":"product_brand","embeddable":true,"href":"https:\/\/www.ernstbrunn-apotheke.at\/katalog\/wp-json\/wp\/v2\/product_brand?post=59919"},{"taxonomy":"product_cat","embeddable":true,"href":"https:\/\/www.ernstbrunn-apotheke.at\/katalog\/wp-json\/wp\/v2\/product_cat?post=59919"},{"taxonomy":"product_tag","embeddable":true,"href":"https:\/\/www.ernstbrunn-apotheke.at\/katalog\/wp-json\/wp\/v2\/product_tag?post=59919"}],"curies":[{"name":"wp","href":"https:\/\/api.w.org\/{rel}","templated":true}]}}