{"id":59909,"date":"2025-11-10T22:45:21","date_gmt":"2025-11-10T21:45:21","guid":{"rendered":"https:\/\/www.ernstbrunn-apotheke.at\/katalog\/produkt\/gum-aftaclear-gel-10-ml\/"},"modified":"2025-12-08T17:19:01","modified_gmt":"2025-12-08T16:19:01","slug":"gum-aftaclear-gel-10-ml","status":"publish","type":"product","link":"https:\/\/www.ernstbrunn-apotheke.at\/katalog\/produkt\/gum-aftaclear-gel-10-ml\/","title":{"rendered":"GUM AftaClear Gel 10 ml"},"content":{"rendered":"<p>GUM\u00ae AftaClear\u00ae Gel ist ideal zur Behandlung von akuten Mundl\u00e4sionen,Absch\u00fcrfungen durch kieferorthop\u00e4dische Apparaturen,Reizungen durch Prothesen, kleinere Wunden oderandere kleine Verletzungen im Mund.Einfache Handhabung und Aufbringen durch denextralangen Applikator.Enth\u00e4lt 0,3 % Hyalurons\u00e4ure.<\/p>\n","protected":false},"excerpt":{"rendered":"<p>GUM\u00ae AftaClear\u00ae Gel ist ideal zur Behandlung von akuten Mundl\u00e4sionen,Absch\u00fcrfungen durch kieferorthop\u00e4dische Apparaturen,Reizungen durch Prothesen, kleinere Wunden oderandere kleine Verletzungen im Mund.Einfache Handhabung und Aufbringen durch denextralangen Applikator.Enth\u00e4lt 0,3 % Hyalurons\u00e4ure.<\/p>\n","protected":false},"featured_media":59911,"template":"","meta":{"_acf_changed":false},"product_brand":[894],"product_cat":[810],"product_tag":[],"class_list":{"0":"post-59909","1":"product","2":"type-product","3":"status-publish","4":"has-post-thumbnail","6":"product_brand-g-u-m","7":"product_cat-g","8":"pa_packungsgroesse-10ml","10":"first","11":"instock","12":"shipping-taxable","13":"purchasable","14":"product-type-simple"},"acf":[],"_links":{"self":[{"href":"https:\/\/www.ernstbrunn-apotheke.at\/katalog\/wp-json\/wp\/v2\/product\/59909","targetHints":{"allow":["GET"]}}],"collection":[{"href":"https:\/\/www.ernstbrunn-apotheke.at\/katalog\/wp-json\/wp\/v2\/product"}],"about":[{"href":"https:\/\/www.ernstbrunn-apotheke.at\/katalog\/wp-json\/wp\/v2\/types\/product"}],"wp:featuredmedia":[{"embeddable":true,"href":"https:\/\/www.ernstbrunn-apotheke.at\/katalog\/wp-json\/wp\/v2\/media\/59911"}],"wp:attachment":[{"href":"https:\/\/www.ernstbrunn-apotheke.at\/katalog\/wp-json\/wp\/v2\/media?parent=59909"}],"wp:term":[{"taxonomy":"product_brand","embeddable":true,"href":"https:\/\/www.ernstbrunn-apotheke.at\/katalog\/wp-json\/wp\/v2\/product_brand?post=59909"},{"taxonomy":"product_cat","embeddable":true,"href":"https:\/\/www.ernstbrunn-apotheke.at\/katalog\/wp-json\/wp\/v2\/product_cat?post=59909"},{"taxonomy":"product_tag","embeddable":true,"href":"https:\/\/www.ernstbrunn-apotheke.at\/katalog\/wp-json\/wp\/v2\/product_tag?post=59909"}],"curies":[{"name":"wp","href":"https:\/\/api.w.org\/{rel}","templated":true}]}}