{"id":59849,"date":"2025-11-10T22:44:39","date_gmt":"2025-11-10T21:44:39","guid":{"rendered":"https:\/\/www.ernstbrunn-apotheke.at\/katalog\/produkt\/tena-inkontinenz-pants-super-2\/"},"modified":"2025-12-08T17:18:39","modified_gmt":"2025-12-08T16:18:39","slug":"tena-inkontinenz-pants-super-2","status":"publish","type":"product","link":"https:\/\/www.ernstbrunn-apotheke.at\/katalog\/produkt\/tena-inkontinenz-pants-super-2\/","title":{"rendered":"Tena Inkontinenz Pants Super"},"content":{"rendered":"<p>Tena Inkontinenz Pants Super sind atmungsaktiv und sorgen daf\u00fcr, dass Sie sich trotz Blasenschw\u00e4che dauerhaft trocken und sicher f\u00fchlen. Dank der innovativen ConfioFit Technologie sind die H\u00f6schen besonders d\u00fcnn und schmal geschnitten. So k\u00f6nnen Sie ohne Sorge Ihren Alltag bew\u00e4ltigen.<\/p>\n","protected":false},"excerpt":{"rendered":"<p>Tena Inkontinenz Pants Super sind atmungsaktiv und sorgen daf\u00fcr, dass Sie sich trotz Blasenschw\u00e4che dauerhaft trocken und sicher f\u00fchlen. Dank der innovativen ConfioFit Technologie sind die H\u00f6schen besonders d\u00fcnn und schmal geschnitten. So k\u00f6nnen Sie ohne Sorge Ihren Alltag bew\u00e4ltigen.<\/p>\n","protected":false},"featured_media":59851,"template":"","meta":{"_acf_changed":false},"product_brand":[970],"product_cat":[798],"product_tag":[],"class_list":{"0":"post-59849","1":"product","2":"type-product","3":"status-publish","4":"has-post-thumbnail","6":"product_brand-tena","7":"product_cat-t","8":"pa_packungsgroesse-12-stueck-xl","10":"first","11":"instock","12":"shipping-taxable","13":"purchasable","14":"product-type-simple"},"acf":[],"_links":{"self":[{"href":"https:\/\/www.ernstbrunn-apotheke.at\/katalog\/wp-json\/wp\/v2\/product\/59849","targetHints":{"allow":["GET"]}}],"collection":[{"href":"https:\/\/www.ernstbrunn-apotheke.at\/katalog\/wp-json\/wp\/v2\/product"}],"about":[{"href":"https:\/\/www.ernstbrunn-apotheke.at\/katalog\/wp-json\/wp\/v2\/types\/product"}],"wp:featuredmedia":[{"embeddable":true,"href":"https:\/\/www.ernstbrunn-apotheke.at\/katalog\/wp-json\/wp\/v2\/media\/59851"}],"wp:attachment":[{"href":"https:\/\/www.ernstbrunn-apotheke.at\/katalog\/wp-json\/wp\/v2\/media?parent=59849"}],"wp:term":[{"taxonomy":"product_brand","embeddable":true,"href":"https:\/\/www.ernstbrunn-apotheke.at\/katalog\/wp-json\/wp\/v2\/product_brand?post=59849"},{"taxonomy":"product_cat","embeddable":true,"href":"https:\/\/www.ernstbrunn-apotheke.at\/katalog\/wp-json\/wp\/v2\/product_cat?post=59849"},{"taxonomy":"product_tag","embeddable":true,"href":"https:\/\/www.ernstbrunn-apotheke.at\/katalog\/wp-json\/wp\/v2\/product_tag?post=59849"}],"curies":[{"name":"wp","href":"https:\/\/api.w.org\/{rel}","templated":true}]}}