{"id":59832,"date":"2025-11-10T22:44:21","date_gmt":"2025-11-10T21:44:21","guid":{"rendered":"https:\/\/www.ernstbrunn-apotheke.at\/katalog\/produkt\/bioderma-sebium-hydra-creme-40-ml\/"},"modified":"2025-12-08T17:18:32","modified_gmt":"2025-12-08T16:18:32","slug":"bioderma-sebium-hydra-creme-40-ml","status":"publish","type":"product","link":"https:\/\/www.ernstbrunn-apotheke.at\/katalog\/produkt\/bioderma-sebium-hydra-creme-40-ml\/","title":{"rendered":"Bioderma S\u00e9bium Hydra Creme 40 ml"},"content":{"rendered":"<p>Bioderma S\u00e9bium Hydra Creme 40 ml ist eine intensiv feuchtigkeitsspendende Creme bei trockener Mischhaut. Unterst\u00fctzend bei Sp\u00e4takne und therapiebegleitend bei dermatologischen Aknebehandlungen. Beruhigt die Haut und lindert Spannungsgef\u00fchle. Wirkt hydratisierend und reguliert das Hautbild.  Leichter, frischer Duft. Ohne Parabene.<\/p>\n","protected":false},"excerpt":{"rendered":"<p>Bioderma S\u00e9bium Hydra Creme 40 ml ist eine intensiv feuchtigkeitsspendende Creme bei trockener Mischhaut. Unterst\u00fctzend bei Sp\u00e4takne und therapiebegleitend bei dermatologischen Aknebehandlungen. Beruhigt die Haut und lindert Spannungsgef\u00fchle. Wirkt hydratisierend und reguliert das Hautbild. Leichter, frischer Duft. Ohne Parabene.<\/p>\n","protected":false},"featured_media":59834,"template":"","meta":{"_acf_changed":false},"product_brand":[657],"product_cat":[802],"product_tag":[],"class_list":{"0":"post-59832","1":"product","2":"type-product","3":"status-publish","4":"has-post-thumbnail","6":"product_brand-bioderma","7":"product_cat-b","8":"pa_packungsgroesse-40ml","10":"first","11":"instock","12":"shipping-taxable","13":"purchasable","14":"product-type-simple"},"acf":[],"_links":{"self":[{"href":"https:\/\/www.ernstbrunn-apotheke.at\/katalog\/wp-json\/wp\/v2\/product\/59832","targetHints":{"allow":["GET"]}}],"collection":[{"href":"https:\/\/www.ernstbrunn-apotheke.at\/katalog\/wp-json\/wp\/v2\/product"}],"about":[{"href":"https:\/\/www.ernstbrunn-apotheke.at\/katalog\/wp-json\/wp\/v2\/types\/product"}],"wp:featuredmedia":[{"embeddable":true,"href":"https:\/\/www.ernstbrunn-apotheke.at\/katalog\/wp-json\/wp\/v2\/media\/59834"}],"wp:attachment":[{"href":"https:\/\/www.ernstbrunn-apotheke.at\/katalog\/wp-json\/wp\/v2\/media?parent=59832"}],"wp:term":[{"taxonomy":"product_brand","embeddable":true,"href":"https:\/\/www.ernstbrunn-apotheke.at\/katalog\/wp-json\/wp\/v2\/product_brand?post=59832"},{"taxonomy":"product_cat","embeddable":true,"href":"https:\/\/www.ernstbrunn-apotheke.at\/katalog\/wp-json\/wp\/v2\/product_cat?post=59832"},{"taxonomy":"product_tag","embeddable":true,"href":"https:\/\/www.ernstbrunn-apotheke.at\/katalog\/wp-json\/wp\/v2\/product_tag?post=59832"}],"curies":[{"name":"wp","href":"https:\/\/api.w.org\/{rel}","templated":true}]}}