{"id":59805,"date":"2025-11-10T22:43:50","date_gmt":"2025-11-10T21:43:50","guid":{"rendered":"https:\/\/www.ernstbrunn-apotheke.at\/katalog\/produkt\/ultrastop-25-ml-trinkflasche\/"},"modified":"2025-12-08T17:18:25","modified_gmt":"2025-12-08T16:18:25","slug":"ultrastop-25-ml-trinkflasche","status":"publish","type":"product","link":"https:\/\/www.ernstbrunn-apotheke.at\/katalog\/produkt\/ultrastop-25-ml-trinkflasche\/","title":{"rendered":"Ultrastop 25 ml Trinkflasche"},"content":{"rendered":"<p>Ultrastop ist ein hochwertiges Antibeschlagmittel f\u00fcr medizinische Endoskope und Optiken. Die besondere Wirkung von ULTRASTOP besteht in der Ausbildung einer speziellen Schicht an der Oberfl\u00e4che der Optiken. Durch diesen \u00e4u\u00dferst d\u00fcnnen und absolut transparenten Film wird beim Kondensieren von Wasserdampf eine Tr\u00f6pfchenbildung und damit das Beschlagen der Oberfl\u00e4che zuverl\u00e4ssig verhindert.<\/p>\n","protected":false},"excerpt":{"rendered":"<p>Ultrastop ist ein hochwertiges Antibeschlagmittel f\u00fcr medizinische Endoskope und Optiken. Die besondere Wirkung von ULTRASTOP besteht in der Ausbildung einer speziellen Schicht an der Oberfl\u00e4che der Optiken. Durch diesen \u00e4u\u00dferst d\u00fcnnen und absolut transparenten Film wird beim Kondensieren von Wasserdampf eine Tr\u00f6pfchenbildung und damit das Beschlagen der Oberfl\u00e4che zuverl\u00e4ssig verhindert.<\/p>\n","protected":false},"featured_media":59807,"template":"","meta":{"_acf_changed":false},"product_brand":[],"product_cat":[848],"product_tag":[],"class_list":{"0":"post-59805","1":"product","2":"type-product","3":"status-publish","4":"has-post-thumbnail","6":"product_cat-u","7":"pa_packungsgroesse-25ml","9":"first","10":"instock","11":"shipping-taxable","12":"purchasable","13":"product-type-simple"},"acf":[],"_links":{"self":[{"href":"https:\/\/www.ernstbrunn-apotheke.at\/katalog\/wp-json\/wp\/v2\/product\/59805","targetHints":{"allow":["GET"]}}],"collection":[{"href":"https:\/\/www.ernstbrunn-apotheke.at\/katalog\/wp-json\/wp\/v2\/product"}],"about":[{"href":"https:\/\/www.ernstbrunn-apotheke.at\/katalog\/wp-json\/wp\/v2\/types\/product"}],"wp:featuredmedia":[{"embeddable":true,"href":"https:\/\/www.ernstbrunn-apotheke.at\/katalog\/wp-json\/wp\/v2\/media\/59807"}],"wp:attachment":[{"href":"https:\/\/www.ernstbrunn-apotheke.at\/katalog\/wp-json\/wp\/v2\/media?parent=59805"}],"wp:term":[{"taxonomy":"product_brand","embeddable":true,"href":"https:\/\/www.ernstbrunn-apotheke.at\/katalog\/wp-json\/wp\/v2\/product_brand?post=59805"},{"taxonomy":"product_cat","embeddable":true,"href":"https:\/\/www.ernstbrunn-apotheke.at\/katalog\/wp-json\/wp\/v2\/product_cat?post=59805"},{"taxonomy":"product_tag","embeddable":true,"href":"https:\/\/www.ernstbrunn-apotheke.at\/katalog\/wp-json\/wp\/v2\/product_tag?post=59805"}],"curies":[{"name":"wp","href":"https:\/\/api.w.org\/{rel}","templated":true}]}}