{"id":59791,"date":"2025-11-10T22:43:50","date_gmt":"2025-11-10T21:43:50","guid":{"rendered":"https:\/\/www.ernstbrunn-apotheke.at\/katalog\/produkt\/nicapur-mucosaplex-kapseln-60-stk\/"},"modified":"2025-12-08T17:18:22","modified_gmt":"2025-12-08T16:18:22","slug":"nicapur-mucosaplex-kapseln-60-stk","status":"publish","type":"product","link":"https:\/\/www.ernstbrunn-apotheke.at\/katalog\/produkt\/nicapur-mucosaplex-kapseln-60-stk\/","title":{"rendered":"Nicapur MucosaPlex Kapseln 60 Stk."},"content":{"rendered":"<p>MucosaPlex\u00ae ist ein Nahrungserg\u00e4nzungsmittel mit einem hohen Anteil an \u00df-Carotin, der Vorstufe zu Vitamin A. Vitamin A unterst\u00fctzt den Erhalt normaler Schleimh\u00e4ute und unterst\u00fctzt somit eine die Funktion der Darmschleimhaut &#8211; mit hohem Rabatt bestellen!<\/p>\n","protected":false},"excerpt":{"rendered":"<p>MucosaPlex\u00ae ist ein Nahrungserg\u00e4nzungsmittel mit einem hohen Anteil an \u00df-Carotin, der Vorstufe zu Vitamin A. Vitamin A unterst\u00fctzt den Erhalt normaler Schleimh\u00e4ute und unterst\u00fctzt somit eine die Funktion der Darmschleimhaut &#8211; mit hohem Rabatt bestellen!<\/p>\n","protected":false},"featured_media":59793,"template":"","meta":{"_acf_changed":false},"product_brand":[352],"product_cat":[797],"product_tag":[],"class_list":{"0":"post-59791","1":"product","2":"type-product","3":"status-publish","4":"has-post-thumbnail","6":"product_brand-nicapur","7":"product_cat-n","8":"pa_packungsgroesse-60-stueck","10":"first","11":"instock","12":"shipping-taxable","13":"purchasable","14":"product-type-simple"},"acf":[],"_links":{"self":[{"href":"https:\/\/www.ernstbrunn-apotheke.at\/katalog\/wp-json\/wp\/v2\/product\/59791","targetHints":{"allow":["GET"]}}],"collection":[{"href":"https:\/\/www.ernstbrunn-apotheke.at\/katalog\/wp-json\/wp\/v2\/product"}],"about":[{"href":"https:\/\/www.ernstbrunn-apotheke.at\/katalog\/wp-json\/wp\/v2\/types\/product"}],"wp:featuredmedia":[{"embeddable":true,"href":"https:\/\/www.ernstbrunn-apotheke.at\/katalog\/wp-json\/wp\/v2\/media\/59793"}],"wp:attachment":[{"href":"https:\/\/www.ernstbrunn-apotheke.at\/katalog\/wp-json\/wp\/v2\/media?parent=59791"}],"wp:term":[{"taxonomy":"product_brand","embeddable":true,"href":"https:\/\/www.ernstbrunn-apotheke.at\/katalog\/wp-json\/wp\/v2\/product_brand?post=59791"},{"taxonomy":"product_cat","embeddable":true,"href":"https:\/\/www.ernstbrunn-apotheke.at\/katalog\/wp-json\/wp\/v2\/product_cat?post=59791"},{"taxonomy":"product_tag","embeddable":true,"href":"https:\/\/www.ernstbrunn-apotheke.at\/katalog\/wp-json\/wp\/v2\/product_tag?post=59791"}],"curies":[{"name":"wp","href":"https:\/\/api.w.org\/{rel}","templated":true}]}}