{"id":59740,"date":"2025-11-10T22:42:59","date_gmt":"2025-11-10T21:42:59","guid":{"rendered":"https:\/\/www.ernstbrunn-apotheke.at\/katalog\/produkt\/bachbluete-apopharm-39-rescue-tropfen-20-ml\/"},"modified":"2025-12-08T17:18:08","modified_gmt":"2025-12-08T16:18:08","slug":"bachbluete-apopharm-39-rescue-tropfen-20-ml","status":"publish","type":"product","link":"https:\/\/www.ernstbrunn-apotheke.at\/katalog\/produkt\/bachbluete-apopharm-39-rescue-tropfen-20-ml\/","title":{"rendered":"Bachbl\u00fcte Apopharm 39 Rescue Tropfen 20 ml"},"content":{"rendered":"<p>Bachbl\u00fcte Apopharm 39 Rescue Tropfen sind ein Kombinationsmittel, um es bei Notf\u00e4llen und Krisensituationen sofort ersatzbereit zu haben, ohne lange einzelne passende Stockbottles ausw\u00e4hlen zu m\u00fcssen. Die Kombination hilft bei Erlebnissen, die einen v\u00f6llig aus dem Gleichgewicht bringen.<\/p>\n","protected":false},"excerpt":{"rendered":"<p>Bachbl\u00fcte Apopharm 39 Rescue Tropfen sind ein Kombinationsmittel, um es bei Notf\u00e4llen und Krisensituationen sofort ersatzbereit zu haben, ohne lange einzelne passende Stockbottles ausw\u00e4hlen zu m\u00fcssen. Die Kombination hilft bei Erlebnissen, die einen v\u00f6llig aus dem Gleichgewicht bringen.<\/p>\n","protected":false},"featured_media":59742,"template":"","meta":{"_acf_changed":false},"product_brand":[],"product_cat":[802],"product_tag":[],"class_list":{"0":"post-59740","1":"product","2":"type-product","3":"status-publish","4":"has-post-thumbnail","6":"product_cat-b","7":"pa_packungsgroesse-20ml","9":"first","10":"instock","11":"shipping-taxable","12":"purchasable","13":"product-type-simple"},"acf":[],"_links":{"self":[{"href":"https:\/\/www.ernstbrunn-apotheke.at\/katalog\/wp-json\/wp\/v2\/product\/59740","targetHints":{"allow":["GET"]}}],"collection":[{"href":"https:\/\/www.ernstbrunn-apotheke.at\/katalog\/wp-json\/wp\/v2\/product"}],"about":[{"href":"https:\/\/www.ernstbrunn-apotheke.at\/katalog\/wp-json\/wp\/v2\/types\/product"}],"wp:featuredmedia":[{"embeddable":true,"href":"https:\/\/www.ernstbrunn-apotheke.at\/katalog\/wp-json\/wp\/v2\/media\/59742"}],"wp:attachment":[{"href":"https:\/\/www.ernstbrunn-apotheke.at\/katalog\/wp-json\/wp\/v2\/media?parent=59740"}],"wp:term":[{"taxonomy":"product_brand","embeddable":true,"href":"https:\/\/www.ernstbrunn-apotheke.at\/katalog\/wp-json\/wp\/v2\/product_brand?post=59740"},{"taxonomy":"product_cat","embeddable":true,"href":"https:\/\/www.ernstbrunn-apotheke.at\/katalog\/wp-json\/wp\/v2\/product_cat?post=59740"},{"taxonomy":"product_tag","embeddable":true,"href":"https:\/\/www.ernstbrunn-apotheke.at\/katalog\/wp-json\/wp\/v2\/product_tag?post=59740"}],"curies":[{"name":"wp","href":"https:\/\/api.w.org\/{rel}","templated":true}]}}