{"id":59646,"date":"2025-11-10T22:40:59","date_gmt":"2025-11-10T21:40:59","guid":{"rendered":"https:\/\/www.ernstbrunn-apotheke.at\/katalog\/produkt\/dr-hauschka-koerperbalsam-mandel-145ml\/"},"modified":"2025-12-08T17:17:42","modified_gmt":"2025-12-08T16:17:42","slug":"dr-hauschka-koerperbalsam-mandel-145ml","status":"publish","type":"product","link":"https:\/\/www.ernstbrunn-apotheke.at\/katalog\/produkt\/dr-hauschka-koerperbalsam-mandel-145ml\/","title":{"rendered":"Dr. Hauschka K\u00d6RPERBALSAM MANDEL &#8211; 145ml"},"content":{"rendered":"<p>Dr. Hauschka Mandel K\u00f6rperbalsam gl\u00e4ttet trockene und sensible Haut. Die ausgew\u00e4hlte Komposition reguliert die Feuchtigkeit der Haut, so dass sie sich wieder geschmeidig anf\u00fchlt.<\/p>\n","protected":false},"excerpt":{"rendered":"<p>Dr. Hauschka Mandel K\u00f6rperbalsam gl\u00e4ttet trockene und sensible Haut. Die ausgew\u00e4hlte Komposition reguliert die Feuchtigkeit der Haut, so dass sie sich wieder geschmeidig anf\u00fchlt.<\/p>\n","protected":false},"featured_media":59648,"template":"","meta":{"_acf_changed":false},"product_brand":[679],"product_cat":[792],"product_tag":[],"class_list":{"0":"post-59646","1":"product","2":"type-product","3":"status-publish","4":"has-post-thumbnail","6":"product_brand-dr-hauschka","7":"product_cat-d","8":"pa_packungsgroesse-145ml","10":"first","11":"instock","12":"shipping-taxable","13":"purchasable","14":"product-type-simple"},"acf":[],"_links":{"self":[{"href":"https:\/\/www.ernstbrunn-apotheke.at\/katalog\/wp-json\/wp\/v2\/product\/59646","targetHints":{"allow":["GET"]}}],"collection":[{"href":"https:\/\/www.ernstbrunn-apotheke.at\/katalog\/wp-json\/wp\/v2\/product"}],"about":[{"href":"https:\/\/www.ernstbrunn-apotheke.at\/katalog\/wp-json\/wp\/v2\/types\/product"}],"wp:featuredmedia":[{"embeddable":true,"href":"https:\/\/www.ernstbrunn-apotheke.at\/katalog\/wp-json\/wp\/v2\/media\/59648"}],"wp:attachment":[{"href":"https:\/\/www.ernstbrunn-apotheke.at\/katalog\/wp-json\/wp\/v2\/media?parent=59646"}],"wp:term":[{"taxonomy":"product_brand","embeddable":true,"href":"https:\/\/www.ernstbrunn-apotheke.at\/katalog\/wp-json\/wp\/v2\/product_brand?post=59646"},{"taxonomy":"product_cat","embeddable":true,"href":"https:\/\/www.ernstbrunn-apotheke.at\/katalog\/wp-json\/wp\/v2\/product_cat?post=59646"},{"taxonomy":"product_tag","embeddable":true,"href":"https:\/\/www.ernstbrunn-apotheke.at\/katalog\/wp-json\/wp\/v2\/product_tag?post=59646"}],"curies":[{"name":"wp","href":"https:\/\/api.w.org\/{rel}","templated":true}]}}