{"id":59603,"date":"2025-11-10T22:40:11","date_gmt":"2025-11-10T21:40:11","guid":{"rendered":"https:\/\/www.ernstbrunn-apotheke.at\/katalog\/produkt\/opcs-original-masqueliers-anthogenol-70jahre-90-stk\/"},"modified":"2025-12-08T17:17:29","modified_gmt":"2025-12-08T16:17:29","slug":"opcs-original-masqueliers-anthogenol-70jahre-90-stk","status":"publish","type":"product","link":"https:\/\/www.ernstbrunn-apotheke.at\/katalog\/produkt\/opcs-original-masqueliers-anthogenol-70jahre-90-stk\/","title":{"rendered":"OPCs Original Masqueliers Anthogenol 70Jahre 90 Stk."},"content":{"rendered":"<p>OPCs Original MASQUELIERs Anthogenol Kapseln unterst\u00fctzt die Gesundheit der Gef\u00e4\u00dfe, indem sie die Kapillarw\u00e4nde st\u00e4rken. F\u00fcr eine optimale Verteilung von N\u00e4hrstoffen und Sauerstoff im ganzen K\u00f6rper ist ein gesundes Gef\u00e4\u00dfsystem lebenswichtig. Zudem hilft es, die Kreislaufstruktur und -funktion im Auge, in der Haut sowie die Gesundheit der gesamten Beinvenen aufrecht zu erhalten -.<\/p>\n","protected":false},"excerpt":{"rendered":"<p>OPCs Original MASQUELIERs Anthogenol Kapseln unterst\u00fctzt die Gesundheit der Gef\u00e4\u00dfe, indem sie die Kapillarw\u00e4nde st\u00e4rken. F\u00fcr eine optimale Verteilung von N\u00e4hrstoffen und Sauerstoff im ganzen K\u00f6rper ist ein gesundes Gef\u00e4\u00dfsystem lebenswichtig. Zudem hilft es, die Kreislaufstruktur und -funktion im Auge, in der Haut sowie die Gesundheit der gesamten Beinvenen aufrecht zu erhalten -.<\/p>\n","protected":false},"featured_media":59605,"template":"","meta":{"_acf_changed":false},"product_brand":[],"product_cat":[819],"product_tag":[],"class_list":{"0":"post-59603","1":"product","2":"type-product","3":"status-publish","4":"has-post-thumbnail","6":"product_cat-o","7":"pa_packungsgroesse-90-stueck","9":"first","10":"instock","11":"shipping-taxable","12":"purchasable","13":"product-type-simple"},"acf":[],"_links":{"self":[{"href":"https:\/\/www.ernstbrunn-apotheke.at\/katalog\/wp-json\/wp\/v2\/product\/59603","targetHints":{"allow":["GET"]}}],"collection":[{"href":"https:\/\/www.ernstbrunn-apotheke.at\/katalog\/wp-json\/wp\/v2\/product"}],"about":[{"href":"https:\/\/www.ernstbrunn-apotheke.at\/katalog\/wp-json\/wp\/v2\/types\/product"}],"wp:featuredmedia":[{"embeddable":true,"href":"https:\/\/www.ernstbrunn-apotheke.at\/katalog\/wp-json\/wp\/v2\/media\/59605"}],"wp:attachment":[{"href":"https:\/\/www.ernstbrunn-apotheke.at\/katalog\/wp-json\/wp\/v2\/media?parent=59603"}],"wp:term":[{"taxonomy":"product_brand","embeddable":true,"href":"https:\/\/www.ernstbrunn-apotheke.at\/katalog\/wp-json\/wp\/v2\/product_brand?post=59603"},{"taxonomy":"product_cat","embeddable":true,"href":"https:\/\/www.ernstbrunn-apotheke.at\/katalog\/wp-json\/wp\/v2\/product_cat?post=59603"},{"taxonomy":"product_tag","embeddable":true,"href":"https:\/\/www.ernstbrunn-apotheke.at\/katalog\/wp-json\/wp\/v2\/product_tag?post=59603"}],"curies":[{"name":"wp","href":"https:\/\/api.w.org\/{rel}","templated":true}]}}