{"id":59575,"date":"2025-11-10T22:39:46","date_gmt":"2025-11-10T21:39:46","guid":{"rendered":"https:\/\/www.ernstbrunn-apotheke.at\/katalog\/produkt\/schuelke-mayr-kodan-loesung-forte-1-l-farblos\/"},"modified":"2025-12-08T17:17:22","modified_gmt":"2025-12-08T16:17:22","slug":"schuelke-mayr-kodan-loesung-forte-1-l-farblos","status":"publish","type":"product","link":"https:\/\/www.ernstbrunn-apotheke.at\/katalog\/produkt\/schuelke-mayr-kodan-loesung-forte-1-l-farblos\/","title":{"rendered":"Sch\u00fclke &#038; Mayr Kodan L\u00f6sung forte 1 L farblos"},"content":{"rendered":"<p>Sch\u00fclke &#038; Mayr Kodan L\u00f6sung forte ist ein Desinfektionsmittel zur \u00e4u\u00dferen Anwendung auf der Haut. Die L\u00f6sung dient der Hautdesinfektion vor operativen Eingriffen, Katheterisierungen von Blutgef\u00e4\u00dfen, Blut- und Liquorentnahmen, Injektionen, Punktionen, Exzisionen, Kan\u00fclierungen und Biopsien. Dieses Produkt erhalten Sie in den Varianten farblos (250 ml, 500 ml und 1 l) und gef\u00e4rbt (500 ml).<\/p>\n","protected":false},"excerpt":{"rendered":"<p>Sch\u00fclke &#038; Mayr Kodan L\u00f6sung forte ist ein Desinfektionsmittel zur \u00e4u\u00dferen Anwendung auf der Haut. Die L\u00f6sung dient der Hautdesinfektion vor operativen Eingriffen, Katheterisierungen von Blutgef\u00e4\u00dfen, Blut- und Liquorentnahmen, Injektionen, Punktionen, Exzisionen, Kan\u00fclierungen und Biopsien. Dieses Produkt erhalten Sie in den Varianten farblos (250 ml, 500 ml und 1 l) und gef\u00e4rbt (500 ml).<\/p>\n","protected":false},"featured_media":59577,"template":"","meta":{"_acf_changed":false},"product_brand":[],"product_cat":[791],"product_tag":[],"class_list":{"0":"post-59575","1":"product","2":"type-product","3":"status-publish","4":"has-post-thumbnail","6":"product_cat-s","7":"pa_packungsgroesse-1000ml","9":"first","10":"instock","11":"shipping-taxable","12":"purchasable","13":"product-type-simple"},"acf":[],"_links":{"self":[{"href":"https:\/\/www.ernstbrunn-apotheke.at\/katalog\/wp-json\/wp\/v2\/product\/59575","targetHints":{"allow":["GET"]}}],"collection":[{"href":"https:\/\/www.ernstbrunn-apotheke.at\/katalog\/wp-json\/wp\/v2\/product"}],"about":[{"href":"https:\/\/www.ernstbrunn-apotheke.at\/katalog\/wp-json\/wp\/v2\/types\/product"}],"wp:featuredmedia":[{"embeddable":true,"href":"https:\/\/www.ernstbrunn-apotheke.at\/katalog\/wp-json\/wp\/v2\/media\/59577"}],"wp:attachment":[{"href":"https:\/\/www.ernstbrunn-apotheke.at\/katalog\/wp-json\/wp\/v2\/media?parent=59575"}],"wp:term":[{"taxonomy":"product_brand","embeddable":true,"href":"https:\/\/www.ernstbrunn-apotheke.at\/katalog\/wp-json\/wp\/v2\/product_brand?post=59575"},{"taxonomy":"product_cat","embeddable":true,"href":"https:\/\/www.ernstbrunn-apotheke.at\/katalog\/wp-json\/wp\/v2\/product_cat?post=59575"},{"taxonomy":"product_tag","embeddable":true,"href":"https:\/\/www.ernstbrunn-apotheke.at\/katalog\/wp-json\/wp\/v2\/product_tag?post=59575"}],"curies":[{"name":"wp","href":"https:\/\/api.w.org\/{rel}","templated":true}]}}