{"id":59569,"date":"2025-11-10T22:39:46","date_gmt":"2025-11-10T21:39:46","guid":{"rendered":"https:\/\/www.ernstbrunn-apotheke.at\/katalog\/produkt\/egger-spezial-milchmalz-bonbons-150-ml\/"},"modified":"2025-12-08T17:17:20","modified_gmt":"2025-12-08T16:17:20","slug":"egger-spezial-milchmalz-bonbons-150-ml","status":"publish","type":"product","link":"https:\/\/www.ernstbrunn-apotheke.at\/katalog\/produkt\/egger-spezial-milchmalz-bonbons-150-ml\/","title":{"rendered":"Egger spezial Milchmalz Bonbons 150 ml"},"content":{"rendered":"<p>Egger Milchmalz Bonbons zeichnen sich durch ein sehr cremiges Mundgef\u00fchl und einem einzigartigen Geschmack durch die enthaltene Milch, sowie Butter und der s\u00fc\u00dfe vom Gerstenmalz aus. Nicht nur kleine, sondern auch gro\u00dfe Liebhaber cremiger Leckereien kommen beim Milchmalz voll und ganz auf ihre Kosten.<\/p>\n","protected":false},"excerpt":{"rendered":"<p>Egger Milchmalz Bonbons zeichnen sich durch ein sehr cremiges Mundgef\u00fchl und einem einzigartigen Geschmack durch die enthaltene Milch, sowie Butter und der s\u00fc\u00dfe vom Gerstenmalz aus. Nicht nur kleine, sondern auch gro\u00dfe Liebhaber cremiger Leckereien kommen beim Milchmalz voll und ganz auf ihre Kosten.<\/p>\n","protected":false},"featured_media":59571,"template":"","meta":{"_acf_changed":false},"product_brand":[],"product_cat":[794],"product_tag":[],"class_list":{"0":"post-59569","1":"product","2":"type-product","3":"status-publish","4":"has-post-thumbnail","6":"product_cat-e","7":"pa_packungsgroesse-150g","9":"first","10":"instock","11":"shipping-taxable","12":"purchasable","13":"product-type-simple"},"acf":[],"_links":{"self":[{"href":"https:\/\/www.ernstbrunn-apotheke.at\/katalog\/wp-json\/wp\/v2\/product\/59569","targetHints":{"allow":["GET"]}}],"collection":[{"href":"https:\/\/www.ernstbrunn-apotheke.at\/katalog\/wp-json\/wp\/v2\/product"}],"about":[{"href":"https:\/\/www.ernstbrunn-apotheke.at\/katalog\/wp-json\/wp\/v2\/types\/product"}],"wp:featuredmedia":[{"embeddable":true,"href":"https:\/\/www.ernstbrunn-apotheke.at\/katalog\/wp-json\/wp\/v2\/media\/59571"}],"wp:attachment":[{"href":"https:\/\/www.ernstbrunn-apotheke.at\/katalog\/wp-json\/wp\/v2\/media?parent=59569"}],"wp:term":[{"taxonomy":"product_brand","embeddable":true,"href":"https:\/\/www.ernstbrunn-apotheke.at\/katalog\/wp-json\/wp\/v2\/product_brand?post=59569"},{"taxonomy":"product_cat","embeddable":true,"href":"https:\/\/www.ernstbrunn-apotheke.at\/katalog\/wp-json\/wp\/v2\/product_cat?post=59569"},{"taxonomy":"product_tag","embeddable":true,"href":"https:\/\/www.ernstbrunn-apotheke.at\/katalog\/wp-json\/wp\/v2\/product_tag?post=59569"}],"curies":[{"name":"wp","href":"https:\/\/api.w.org\/{rel}","templated":true}]}}