{"id":59540,"date":"2025-11-10T22:39:26","date_gmt":"2025-11-10T21:39:26","guid":{"rendered":"https:\/\/www.ernstbrunn-apotheke.at\/katalog\/produkt\/vichy-dermablend-3d-make-up-45-gold\/"},"modified":"2025-12-08T17:17:10","modified_gmt":"2025-12-08T16:17:10","slug":"vichy-dermablend-3d-make-up-45-gold","status":"publish","type":"product","link":"https:\/\/www.ernstbrunn-apotheke.at\/katalog\/produkt\/vichy-dermablend-3d-make-up-45-gold\/","title":{"rendered":"Vichy DERMABLEND 3D Make-Up 45 Gold"},"content":{"rendered":"<p>VICHY Dermablend 3D Correction &#8211; Zum Abdecken von leichten bis hin zu starken Unreinheiten, Pickelmalen und erweiterten Poren. Hohe Deckkraft, deckt selbst stark sichtbare Makel ab, ohne Maskeneffekt und gleicht eine unregelm\u00e4\u00dfige Hautoberfl\u00e4che optisch aus.<\/p>\n","protected":false},"excerpt":{"rendered":"<p>VICHY Dermablend 3D Correction &#8211; Zum Abdecken von leichten bis hin zu starken Unreinheiten, Pickelmalen und erweiterten Poren. Hohe Deckkraft, deckt selbst stark sichtbare Makel ab, ohne Maskeneffekt und gleicht eine unregelm\u00e4\u00dfige Hautoberfl\u00e4che optisch aus.<\/p>\n","protected":false},"featured_media":59542,"template":"","meta":{"_acf_changed":false},"product_brand":[675],"product_cat":[799],"product_tag":[],"class_list":{"0":"post-59540","1":"product","2":"type-product","3":"status-publish","4":"has-post-thumbnail","6":"product_brand-vichy","7":"product_cat-v","8":"pa_packungsgroesse-30ml","10":"first","11":"instock","12":"shipping-taxable","13":"purchasable","14":"product-type-simple"},"acf":[],"_links":{"self":[{"href":"https:\/\/www.ernstbrunn-apotheke.at\/katalog\/wp-json\/wp\/v2\/product\/59540","targetHints":{"allow":["GET"]}}],"collection":[{"href":"https:\/\/www.ernstbrunn-apotheke.at\/katalog\/wp-json\/wp\/v2\/product"}],"about":[{"href":"https:\/\/www.ernstbrunn-apotheke.at\/katalog\/wp-json\/wp\/v2\/types\/product"}],"wp:featuredmedia":[{"embeddable":true,"href":"https:\/\/www.ernstbrunn-apotheke.at\/katalog\/wp-json\/wp\/v2\/media\/59542"}],"wp:attachment":[{"href":"https:\/\/www.ernstbrunn-apotheke.at\/katalog\/wp-json\/wp\/v2\/media?parent=59540"}],"wp:term":[{"taxonomy":"product_brand","embeddable":true,"href":"https:\/\/www.ernstbrunn-apotheke.at\/katalog\/wp-json\/wp\/v2\/product_brand?post=59540"},{"taxonomy":"product_cat","embeddable":true,"href":"https:\/\/www.ernstbrunn-apotheke.at\/katalog\/wp-json\/wp\/v2\/product_cat?post=59540"},{"taxonomy":"product_tag","embeddable":true,"href":"https:\/\/www.ernstbrunn-apotheke.at\/katalog\/wp-json\/wp\/v2\/product_tag?post=59540"}],"curies":[{"name":"wp","href":"https:\/\/api.w.org\/{rel}","templated":true}]}}