{"id":59450,"date":"2025-11-10T22:37:33","date_gmt":"2025-11-10T21:37:33","guid":{"rendered":"https:\/\/www.ernstbrunn-apotheke.at\/katalog\/produkt\/vichy-dermablend-hautunebenheiten-korrigierendes-make-up-15-opal\/"},"modified":"2025-12-08T17:16:41","modified_gmt":"2025-12-08T16:16:41","slug":"vichy-dermablend-hautunebenheiten-korrigierendes-make-up-15-opal","status":"publish","type":"product","link":"https:\/\/www.ernstbrunn-apotheke.at\/katalog\/produkt\/vichy-dermablend-hautunebenheiten-korrigierendes-make-up-15-opal\/","title":{"rendered":"Vichy DERMABLEND Hautunebenheiten korrigierendes Make-Up 15 Opal"},"content":{"rendered":"<p>VICHY Dermablend 3D Correction Make-up 15 Opal &#8211; zum Abdecken von leichten bis hin zu starken Unreinheiten, Pickelmalen und erweiterten Poren. Hohe Deckkraft, deckt selbst stark sichtbare Makel ab, ohne Maskeneffekt und gleicht eine unregelm\u00e4\u00dfige Hautoberfl\u00e4che optisch aus.<\/p>\n","protected":false},"excerpt":{"rendered":"<p>VICHY Dermablend 3D Correction Make-up 15 Opal &#8211; zum Abdecken von leichten bis hin zu starken Unreinheiten, Pickelmalen und erweiterten Poren. Hohe Deckkraft, deckt selbst stark sichtbare Makel ab, ohne Maskeneffekt und gleicht eine unregelm\u00e4\u00dfige Hautoberfl\u00e4che optisch aus.<\/p>\n","protected":false},"featured_media":59452,"template":"","meta":{"_acf_changed":false},"product_brand":[675],"product_cat":[799],"product_tag":[],"class_list":{"0":"post-59450","1":"product","2":"type-product","3":"status-publish","4":"has-post-thumbnail","6":"product_brand-vichy","7":"product_cat-v","8":"pa_packungsgroesse-30ml","10":"first","11":"instock","12":"shipping-taxable","13":"purchasable","14":"product-type-simple"},"acf":[],"_links":{"self":[{"href":"https:\/\/www.ernstbrunn-apotheke.at\/katalog\/wp-json\/wp\/v2\/product\/59450","targetHints":{"allow":["GET"]}}],"collection":[{"href":"https:\/\/www.ernstbrunn-apotheke.at\/katalog\/wp-json\/wp\/v2\/product"}],"about":[{"href":"https:\/\/www.ernstbrunn-apotheke.at\/katalog\/wp-json\/wp\/v2\/types\/product"}],"wp:featuredmedia":[{"embeddable":true,"href":"https:\/\/www.ernstbrunn-apotheke.at\/katalog\/wp-json\/wp\/v2\/media\/59452"}],"wp:attachment":[{"href":"https:\/\/www.ernstbrunn-apotheke.at\/katalog\/wp-json\/wp\/v2\/media?parent=59450"}],"wp:term":[{"taxonomy":"product_brand","embeddable":true,"href":"https:\/\/www.ernstbrunn-apotheke.at\/katalog\/wp-json\/wp\/v2\/product_brand?post=59450"},{"taxonomy":"product_cat","embeddable":true,"href":"https:\/\/www.ernstbrunn-apotheke.at\/katalog\/wp-json\/wp\/v2\/product_cat?post=59450"},{"taxonomy":"product_tag","embeddable":true,"href":"https:\/\/www.ernstbrunn-apotheke.at\/katalog\/wp-json\/wp\/v2\/product_tag?post=59450"}],"curies":[{"name":"wp","href":"https:\/\/api.w.org\/{rel}","templated":true}]}}