{"id":59403,"date":"2025-11-10T22:36:47","date_gmt":"2025-11-10T21:36:47","guid":{"rendered":"https:\/\/www.ernstbrunn-apotheke.at\/katalog\/produkt\/veen-veen-fluessig-tonikum\/"},"modified":"2025-12-08T17:16:20","modified_gmt":"2025-12-08T16:16:20","slug":"veen-veen-fluessig-tonikum","status":"publish","type":"product","link":"https:\/\/www.ernstbrunn-apotheke.at\/katalog\/produkt\/veen-veen-fluessig-tonikum\/","title":{"rendered":"Veen Veen fl\u00fcssig Tonikum"},"content":{"rendered":"<p>VeenVeen ist ein bew\u00e4hrtes Venen- und Kreislauftonikum auf pflanzlicher Basis. Die Wirkstoffe st\u00e4rken den Kreislauf, steigern die Geschwindigkeit des Blutumlaufs sowie den ven\u00f6sen R\u00fcckfluss. Menschen, die zu Kreislaufst\u00f6rungen neigen, werden sich nach der Einnahme von VeenVeen leistungsf\u00e4higer und schwungvoller f\u00fchlen. Zus\u00e4tzlich verbessert das Extrakt die Dehnbarkeit und die Wandst\u00e4rke der Venen und sch\u00fctzt die Gef\u00e4\u00dfe.<\/p>\n","protected":false},"excerpt":{"rendered":"<p>VeenVeen ist ein bew\u00e4hrtes Venen- und Kreislauftonikum auf pflanzlicher Basis. Die Wirkstoffe st\u00e4rken den Kreislauf, steigern die Geschwindigkeit des Blutumlaufs sowie den ven\u00f6sen R\u00fcckfluss. Menschen, die zu Kreislaufst\u00f6rungen neigen, werden sich nach der Einnahme von VeenVeen leistungsf\u00e4higer und schwungvoller f\u00fchlen. Zus\u00e4tzlich verbessert das Extrakt die Dehnbarkeit und die Wandst\u00e4rke der Venen und sch\u00fctzt die Gef\u00e4\u00dfe.<\/p>\n","protected":false},"featured_media":59405,"template":"","meta":{"_acf_changed":false},"product_brand":[],"product_cat":[799],"product_tag":[],"class_list":{"0":"post-59403","1":"product","2":"type-product","3":"status-publish","4":"has-post-thumbnail","6":"product_cat-v","7":"pa_packungsgroesse-250ml","9":"first","10":"instock","11":"shipping-taxable","12":"purchasable","13":"product-type-simple"},"acf":[],"_links":{"self":[{"href":"https:\/\/www.ernstbrunn-apotheke.at\/katalog\/wp-json\/wp\/v2\/product\/59403","targetHints":{"allow":["GET"]}}],"collection":[{"href":"https:\/\/www.ernstbrunn-apotheke.at\/katalog\/wp-json\/wp\/v2\/product"}],"about":[{"href":"https:\/\/www.ernstbrunn-apotheke.at\/katalog\/wp-json\/wp\/v2\/types\/product"}],"wp:featuredmedia":[{"embeddable":true,"href":"https:\/\/www.ernstbrunn-apotheke.at\/katalog\/wp-json\/wp\/v2\/media\/59405"}],"wp:attachment":[{"href":"https:\/\/www.ernstbrunn-apotheke.at\/katalog\/wp-json\/wp\/v2\/media?parent=59403"}],"wp:term":[{"taxonomy":"product_brand","embeddable":true,"href":"https:\/\/www.ernstbrunn-apotheke.at\/katalog\/wp-json\/wp\/v2\/product_brand?post=59403"},{"taxonomy":"product_cat","embeddable":true,"href":"https:\/\/www.ernstbrunn-apotheke.at\/katalog\/wp-json\/wp\/v2\/product_cat?post=59403"},{"taxonomy":"product_tag","embeddable":true,"href":"https:\/\/www.ernstbrunn-apotheke.at\/katalog\/wp-json\/wp\/v2\/product_tag?post=59403"}],"curies":[{"name":"wp","href":"https:\/\/api.w.org\/{rel}","templated":true}]}}