{"id":59320,"date":"2025-11-10T22:35:35","date_gmt":"2025-11-10T21:35:35","guid":{"rendered":"https:\/\/www.ernstbrunn-apotheke.at\/katalog\/produkt\/holle-bio-folgemilch-2-600-g\/"},"modified":"2025-12-08T17:15:53","modified_gmt":"2025-12-08T16:15:53","slug":"holle-bio-folgemilch-2-600-g","status":"publish","type":"product","link":"https:\/\/www.ernstbrunn-apotheke.at\/katalog\/produkt\/holle-bio-folgemilch-2-600-g\/","title":{"rendered":"Holle BIO Folgemilch 2 600 g"},"content":{"rendered":"<p>Holle BIO Folgemilch kann im Anschluss an das Stillen, an die Holle BIO S\u00e4uglingsmilchnahrung 1 oder statt anderer Folgemilchen verabreicht werden. Die s\u00e4ttigende Milch entspricht dem steigenden N\u00e4hrstoffbedarf eines Babys.<\/p>\n","protected":false},"excerpt":{"rendered":"<p>Holle BIO Folgemilch kann im Anschluss an das Stillen, an die Holle BIO S\u00e4uglingsmilchnahrung 1 oder statt anderer Folgemilchen verabreicht werden. Die s\u00e4ttigende Milch entspricht dem steigenden N\u00e4hrstoffbedarf eines Babys.<\/p>\n","protected":false},"featured_media":59322,"template":"","meta":{"_acf_changed":false},"product_brand":[],"product_cat":[805],"product_tag":[],"class_list":{"0":"post-59320","1":"product","2":"type-product","3":"status-publish","4":"has-post-thumbnail","6":"product_cat-h","7":"pa_packungsgroesse-600g","9":"first","10":"instock","11":"shipping-taxable","12":"purchasable","13":"product-type-simple"},"acf":[],"_links":{"self":[{"href":"https:\/\/www.ernstbrunn-apotheke.at\/katalog\/wp-json\/wp\/v2\/product\/59320","targetHints":{"allow":["GET"]}}],"collection":[{"href":"https:\/\/www.ernstbrunn-apotheke.at\/katalog\/wp-json\/wp\/v2\/product"}],"about":[{"href":"https:\/\/www.ernstbrunn-apotheke.at\/katalog\/wp-json\/wp\/v2\/types\/product"}],"wp:featuredmedia":[{"embeddable":true,"href":"https:\/\/www.ernstbrunn-apotheke.at\/katalog\/wp-json\/wp\/v2\/media\/59322"}],"wp:attachment":[{"href":"https:\/\/www.ernstbrunn-apotheke.at\/katalog\/wp-json\/wp\/v2\/media?parent=59320"}],"wp:term":[{"taxonomy":"product_brand","embeddable":true,"href":"https:\/\/www.ernstbrunn-apotheke.at\/katalog\/wp-json\/wp\/v2\/product_brand?post=59320"},{"taxonomy":"product_cat","embeddable":true,"href":"https:\/\/www.ernstbrunn-apotheke.at\/katalog\/wp-json\/wp\/v2\/product_cat?post=59320"},{"taxonomy":"product_tag","embeddable":true,"href":"https:\/\/www.ernstbrunn-apotheke.at\/katalog\/wp-json\/wp\/v2\/product_tag?post=59320"}],"curies":[{"name":"wp","href":"https:\/\/api.w.org\/{rel}","templated":true}]}}