{"id":59304,"date":"2025-11-10T22:35:14","date_gmt":"2025-11-10T21:35:14","guid":{"rendered":"https:\/\/www.ernstbrunn-apotheke.at\/katalog\/produkt\/dr-muches-ingwertropfen-20-ml\/"},"modified":"2025-12-08T17:15:48","modified_gmt":"2025-12-08T16:15:48","slug":"dr-muches-ingwertropfen-20-ml","status":"publish","type":"product","link":"https:\/\/www.ernstbrunn-apotheke.at\/katalog\/produkt\/dr-muches-ingwertropfen-20-ml\/","title":{"rendered":"Dr. Muches Ingwertropfen 20 ml"},"content":{"rendered":"<p>Dr. Muches Ingwertropfen schenken Ihnen neue Kraft und Vitalit\u00e4t und geben dazu W\u00e4rme von Innen. Die Tropfen sich beispielsweise als Magenbitter nach dem Essen und wirken wohltuend f\u00fcr Magen und Darm.<\/p>\n","protected":false},"excerpt":{"rendered":"<p>Dr. Muches Ingwertropfen schenken Ihnen neue Kraft und Vitalit\u00e4t und geben dazu W\u00e4rme von Innen. Die Tropfen sich beispielsweise als Magenbitter nach dem Essen und wirken wohltuend f\u00fcr Magen und Darm.<\/p>\n","protected":false},"featured_media":59306,"template":"","meta":{"_acf_changed":false},"product_brand":[],"product_cat":[792],"product_tag":[],"class_list":{"0":"post-59304","1":"product","2":"type-product","3":"status-publish","4":"has-post-thumbnail","6":"product_cat-d","7":"pa_packungsgroesse-20ml","9":"first","10":"instock","11":"shipping-taxable","12":"purchasable","13":"product-type-simple"},"acf":[],"_links":{"self":[{"href":"https:\/\/www.ernstbrunn-apotheke.at\/katalog\/wp-json\/wp\/v2\/product\/59304","targetHints":{"allow":["GET"]}}],"collection":[{"href":"https:\/\/www.ernstbrunn-apotheke.at\/katalog\/wp-json\/wp\/v2\/product"}],"about":[{"href":"https:\/\/www.ernstbrunn-apotheke.at\/katalog\/wp-json\/wp\/v2\/types\/product"}],"wp:featuredmedia":[{"embeddable":true,"href":"https:\/\/www.ernstbrunn-apotheke.at\/katalog\/wp-json\/wp\/v2\/media\/59306"}],"wp:attachment":[{"href":"https:\/\/www.ernstbrunn-apotheke.at\/katalog\/wp-json\/wp\/v2\/media?parent=59304"}],"wp:term":[{"taxonomy":"product_brand","embeddable":true,"href":"https:\/\/www.ernstbrunn-apotheke.at\/katalog\/wp-json\/wp\/v2\/product_brand?post=59304"},{"taxonomy":"product_cat","embeddable":true,"href":"https:\/\/www.ernstbrunn-apotheke.at\/katalog\/wp-json\/wp\/v2\/product_cat?post=59304"},{"taxonomy":"product_tag","embeddable":true,"href":"https:\/\/www.ernstbrunn-apotheke.at\/katalog\/wp-json\/wp\/v2\/product_tag?post=59304"}],"curies":[{"name":"wp","href":"https:\/\/api.w.org\/{rel}","templated":true}]}}