{"id":59282,"date":"2025-11-10T22:34:57","date_gmt":"2025-11-10T21:34:57","guid":{"rendered":"https:\/\/www.ernstbrunn-apotheke.at\/katalog\/produkt\/fresubin-energy-fibre-easybag-500-ml\/"},"modified":"2025-12-08T17:15:41","modified_gmt":"2025-12-08T16:15:41","slug":"fresubin-energy-fibre-easybag-500-ml","status":"publish","type":"product","link":"https:\/\/www.ernstbrunn-apotheke.at\/katalog\/produkt\/fresubin-energy-fibre-easybag-500-ml\/","title":{"rendered":"Fresubin Energy Fibre Easybag 500 ml"},"content":{"rendered":"<p>EasyBag \u2013 eine sichere und praktische L\u00f6sung f\u00fcr den Alltag. EasyBag von Fresenius Kabi ist eine hygienische, sichere und praktische L\u00f6sung f\u00fcr die enterale Ern\u00e4hrung.<\/p>\n","protected":false},"excerpt":{"rendered":"<p>EasyBag \u2013 eine sichere und praktische L\u00f6sung f\u00fcr den Alltag. EasyBag von Fresenius Kabi ist eine hygienische, sichere und praktische L\u00f6sung f\u00fcr die enterale Ern\u00e4hrung.<\/p>\n","protected":false},"featured_media":59284,"template":"","meta":{"_acf_changed":false},"product_brand":[],"product_cat":[809],"product_tag":[],"class_list":{"0":"post-59282","1":"product","2":"type-product","3":"status-publish","4":"has-post-thumbnail","6":"product_cat-f","7":"pa_packungsgroesse-15-stueck","9":"first","10":"instock","11":"shipping-taxable","12":"purchasable","13":"product-type-simple"},"acf":[],"_links":{"self":[{"href":"https:\/\/www.ernstbrunn-apotheke.at\/katalog\/wp-json\/wp\/v2\/product\/59282","targetHints":{"allow":["GET"]}}],"collection":[{"href":"https:\/\/www.ernstbrunn-apotheke.at\/katalog\/wp-json\/wp\/v2\/product"}],"about":[{"href":"https:\/\/www.ernstbrunn-apotheke.at\/katalog\/wp-json\/wp\/v2\/types\/product"}],"wp:featuredmedia":[{"embeddable":true,"href":"https:\/\/www.ernstbrunn-apotheke.at\/katalog\/wp-json\/wp\/v2\/media\/59284"}],"wp:attachment":[{"href":"https:\/\/www.ernstbrunn-apotheke.at\/katalog\/wp-json\/wp\/v2\/media?parent=59282"}],"wp:term":[{"taxonomy":"product_brand","embeddable":true,"href":"https:\/\/www.ernstbrunn-apotheke.at\/katalog\/wp-json\/wp\/v2\/product_brand?post=59282"},{"taxonomy":"product_cat","embeddable":true,"href":"https:\/\/www.ernstbrunn-apotheke.at\/katalog\/wp-json\/wp\/v2\/product_cat?post=59282"},{"taxonomy":"product_tag","embeddable":true,"href":"https:\/\/www.ernstbrunn-apotheke.at\/katalog\/wp-json\/wp\/v2\/product_tag?post=59282"}],"curies":[{"name":"wp","href":"https:\/\/api.w.org\/{rel}","templated":true}]}}