{"id":59167,"date":"2025-11-10T22:19:41","date_gmt":"2025-11-10T21:19:41","guid":{"rendered":"https:\/\/www.ernstbrunn-apotheke.at\/katalog\/produkt\/lysoform-hospisept-desinfektions-tuecher-15-stk\/"},"modified":"2025-12-08T17:15:13","modified_gmt":"2025-12-08T16:15:13","slug":"lysoform-hospisept-desinfektions-tuecher-15-stk","status":"publish","type":"product","link":"https:\/\/www.ernstbrunn-apotheke.at\/katalog\/produkt\/lysoform-hospisept-desinfektions-tuecher-15-stk\/","title":{"rendered":"Lysoform Hospisept Desinfektions-T\u00fccher 15 Stk."},"content":{"rendered":"<p>Lysoform Hospisept Desinfektions-T\u00fccher dienen zur Desinfektion und Reinigung von Kleinfl\u00e4chen aller Art in Krankenh\u00e4usern, Sanatorien, Heimen, Arztpraxen und im Rettungsdienst. Sie sind \u00fcberall dort einsetzbar, wo nicht gespr\u00fcht werden kann und schnelle Abtrocknung wichtig ist.<\/p>\n","protected":false},"excerpt":{"rendered":"<p>Lysoform Hospisept Desinfektions-T\u00fccher dienen zur Desinfektion und Reinigung von Kleinfl\u00e4chen aller Art in Krankenh\u00e4usern, Sanatorien, Heimen, Arztpraxen und im Rettungsdienst. Sie sind \u00fcberall dort einsetzbar, wo nicht gespr\u00fcht werden kann und schnelle Abtrocknung wichtig ist.<\/p>\n","protected":false},"featured_media":59169,"template":"","meta":{"_acf_changed":false},"product_brand":[],"product_cat":[795],"product_tag":[],"class_list":{"0":"post-59167","1":"product","2":"type-product","3":"status-publish","4":"has-post-thumbnail","6":"product_cat-l","7":"pa_packungsgroesse-15-stueck","9":"first","10":"instock","11":"shipping-taxable","12":"purchasable","13":"product-type-simple"},"acf":[],"_links":{"self":[{"href":"https:\/\/www.ernstbrunn-apotheke.at\/katalog\/wp-json\/wp\/v2\/product\/59167","targetHints":{"allow":["GET"]}}],"collection":[{"href":"https:\/\/www.ernstbrunn-apotheke.at\/katalog\/wp-json\/wp\/v2\/product"}],"about":[{"href":"https:\/\/www.ernstbrunn-apotheke.at\/katalog\/wp-json\/wp\/v2\/types\/product"}],"wp:featuredmedia":[{"embeddable":true,"href":"https:\/\/www.ernstbrunn-apotheke.at\/katalog\/wp-json\/wp\/v2\/media\/59169"}],"wp:attachment":[{"href":"https:\/\/www.ernstbrunn-apotheke.at\/katalog\/wp-json\/wp\/v2\/media?parent=59167"}],"wp:term":[{"taxonomy":"product_brand","embeddable":true,"href":"https:\/\/www.ernstbrunn-apotheke.at\/katalog\/wp-json\/wp\/v2\/product_brand?post=59167"},{"taxonomy":"product_cat","embeddable":true,"href":"https:\/\/www.ernstbrunn-apotheke.at\/katalog\/wp-json\/wp\/v2\/product_cat?post=59167"},{"taxonomy":"product_tag","embeddable":true,"href":"https:\/\/www.ernstbrunn-apotheke.at\/katalog\/wp-json\/wp\/v2\/product_tag?post=59167"}],"curies":[{"name":"wp","href":"https:\/\/api.w.org\/{rel}","templated":true}]}}