{"id":59096,"date":"2025-11-10T22:18:59","date_gmt":"2025-11-10T21:18:59","guid":{"rendered":"https:\/\/www.ernstbrunn-apotheke.at\/katalog\/produkt\/parakito-insektenschutz-clip-1-stk\/"},"modified":"2025-12-08T17:14:52","modified_gmt":"2025-12-08T16:14:52","slug":"parakito-insektenschutz-clip-1-stk","status":"publish","type":"product","link":"https:\/\/www.ernstbrunn-apotheke.at\/katalog\/produkt\/parakito-insektenschutz-clip-1-stk\/","title":{"rendered":"Para&#8217;Kito Insektenschutz Clip 1 Stk."},"content":{"rendered":"<p>Raffiniert, stylisch und unglaublich vielseitig: Dieser clevere kleine Para Kito Insektenschutz Clip bietet Schutz &#8211; \u00fcberall und den ganzen Tag lang. Der Clip ist f\u00fcr Kleinkinder (&#038;gt 36 Monate) ebenso geeignet wie f\u00fcr all jene, die zu Hautallergien und -reizungen neigen. An einen Kinderwagen oder Buggy geklemmt, h\u00e4lt er Plagegeister von den Kleinen fern und ist zugleich f\u00fcr kleine H\u00e4nde unerreichbar. H\u00e4ngen Sie ihn an Ihre Hand- oder Aktentasche, an die Wand im Spielzimmer, \u00fcber die Gartenschaukel &#8211; Ihrer Fantasie sind keine Grenzen gesetzt. Bietet einen kontinuierlichen Schutz f\u00fcr ca. 15 Tage pro Nachf\u00fcllpl\u00e4ttchen.Den Clip gibt es in verschiedenen Ausf\u00fchrungen: Schwarz, Grau, Rot, Tarnung, Star, TupfenSie erhalten je nach Verf\u00fcgbarkeit eine Ausf\u00fchrung. Bei eigenen W\u00fcnschen bitten wir Sie um telefonischen Kontakt..<\/p>\n","protected":false},"excerpt":{"rendered":"<p>Raffiniert, stylisch und unglaublich vielseitig: Dieser clevere kleine Para Kito Insektenschutz Clip bietet Schutz &#8211; \u00fcberall und den ganzen Tag lang. Der Clip ist f\u00fcr Kleinkinder (&#038;gt 36 Monate) ebenso geeignet wie f\u00fcr all jene, die zu Hautallergien und -reizungen neigen. An einen Kinderwagen oder Buggy geklemmt, h\u00e4lt er Plagegeister von den Kleinen fern und [&hellip;]<\/p>\n","protected":false},"featured_media":59098,"template":"","meta":{"_acf_changed":false},"product_brand":[665],"product_cat":[793],"product_tag":[],"class_list":{"0":"post-59096","1":"product","2":"type-product","3":"status-publish","4":"has-post-thumbnail","6":"product_brand-parakito","7":"product_cat-p","8":"pa_packungsgroesse-1-stueck","10":"first","11":"instock","12":"shipping-taxable","13":"purchasable","14":"product-type-simple"},"acf":[],"_links":{"self":[{"href":"https:\/\/www.ernstbrunn-apotheke.at\/katalog\/wp-json\/wp\/v2\/product\/59096","targetHints":{"allow":["GET"]}}],"collection":[{"href":"https:\/\/www.ernstbrunn-apotheke.at\/katalog\/wp-json\/wp\/v2\/product"}],"about":[{"href":"https:\/\/www.ernstbrunn-apotheke.at\/katalog\/wp-json\/wp\/v2\/types\/product"}],"wp:featuredmedia":[{"embeddable":true,"href":"https:\/\/www.ernstbrunn-apotheke.at\/katalog\/wp-json\/wp\/v2\/media\/59098"}],"wp:attachment":[{"href":"https:\/\/www.ernstbrunn-apotheke.at\/katalog\/wp-json\/wp\/v2\/media?parent=59096"}],"wp:term":[{"taxonomy":"product_brand","embeddable":true,"href":"https:\/\/www.ernstbrunn-apotheke.at\/katalog\/wp-json\/wp\/v2\/product_brand?post=59096"},{"taxonomy":"product_cat","embeddable":true,"href":"https:\/\/www.ernstbrunn-apotheke.at\/katalog\/wp-json\/wp\/v2\/product_cat?post=59096"},{"taxonomy":"product_tag","embeddable":true,"href":"https:\/\/www.ernstbrunn-apotheke.at\/katalog\/wp-json\/wp\/v2\/product_tag?post=59096"}],"curies":[{"name":"wp","href":"https:\/\/api.w.org\/{rel}","templated":true}]}}