{"id":59049,"date":"2025-11-10T22:17:49","date_gmt":"2025-11-10T21:17:49","guid":{"rendered":"https:\/\/www.ernstbrunn-apotheke.at\/katalog\/produkt\/seewald-bitter-alpin-alkoholfrei-250-ml\/"},"modified":"2025-12-08T17:14:38","modified_gmt":"2025-12-08T16:14:38","slug":"seewald-bitter-alpin-alkoholfrei-250-ml","status":"publish","type":"product","link":"https:\/\/www.ernstbrunn-apotheke.at\/katalog\/produkt\/seewald-bitter-alpin-alkoholfrei-250-ml\/","title":{"rendered":"Seewald Bitter Alpin Alkoholfrei 250 ml"},"content":{"rendered":"<p>Seewald Bitter Alpin Kr\u00e4uterextrakt 250 ml ist ein vollkommen alkoholfreier Bitterkr\u00e4uter-Extrakt hergestellt mit Kr\u00e4utern aus dem Klostergarten. Brennnesselbl\u00e4tter, Enzianwurzel, gr\u00fcner Tee, Hopfenbl\u00fcten, Schafgarbenkraut, Salbeibl\u00e4tter, S\u00fc\u00dfholzwurzeln, Tausendg\u00fcldenkraut, Wermutkraut, Olivenbl\u00e4tter und Zistrose vereinen sich zu einer bew\u00e4hrten Kombination hochwertiger Bitterstoffe, abgerundet mit 20 % Bio-Aronia-Saft.<\/p>\n","protected":false},"excerpt":{"rendered":"<p>Seewald Bitter Alpin Kr\u00e4uterextrakt 250 ml ist ein vollkommen alkoholfreier Bitterkr\u00e4uter-Extrakt hergestellt mit Kr\u00e4utern aus dem Klostergarten. Brennnesselbl\u00e4tter, Enzianwurzel, gr\u00fcner Tee, Hopfenbl\u00fcten, Schafgarbenkraut, Salbeibl\u00e4tter, S\u00fc\u00dfholzwurzeln, Tausendg\u00fcldenkraut, Wermutkraut, Olivenbl\u00e4tter und Zistrose vereinen sich zu einer bew\u00e4hrten Kombination hochwertiger Bitterstoffe, abgerundet mit 20 % Bio-Aronia-Saft.<\/p>\n","protected":false},"featured_media":59051,"template":"","meta":{"_acf_changed":false},"product_brand":[1067],"product_cat":[791],"product_tag":[],"class_list":{"0":"post-59049","1":"product","2":"type-product","3":"status-publish","4":"has-post-thumbnail","6":"product_brand-seewald","7":"product_cat-s","8":"pa_packungsgroesse-250ml","10":"first","11":"instock","12":"shipping-taxable","13":"purchasable","14":"product-type-simple"},"acf":[],"_links":{"self":[{"href":"https:\/\/www.ernstbrunn-apotheke.at\/katalog\/wp-json\/wp\/v2\/product\/59049","targetHints":{"allow":["GET"]}}],"collection":[{"href":"https:\/\/www.ernstbrunn-apotheke.at\/katalog\/wp-json\/wp\/v2\/product"}],"about":[{"href":"https:\/\/www.ernstbrunn-apotheke.at\/katalog\/wp-json\/wp\/v2\/types\/product"}],"wp:featuredmedia":[{"embeddable":true,"href":"https:\/\/www.ernstbrunn-apotheke.at\/katalog\/wp-json\/wp\/v2\/media\/59051"}],"wp:attachment":[{"href":"https:\/\/www.ernstbrunn-apotheke.at\/katalog\/wp-json\/wp\/v2\/media?parent=59049"}],"wp:term":[{"taxonomy":"product_brand","embeddable":true,"href":"https:\/\/www.ernstbrunn-apotheke.at\/katalog\/wp-json\/wp\/v2\/product_brand?post=59049"},{"taxonomy":"product_cat","embeddable":true,"href":"https:\/\/www.ernstbrunn-apotheke.at\/katalog\/wp-json\/wp\/v2\/product_cat?post=59049"},{"taxonomy":"product_tag","embeddable":true,"href":"https:\/\/www.ernstbrunn-apotheke.at\/katalog\/wp-json\/wp\/v2\/product_tag?post=59049"}],"curies":[{"name":"wp","href":"https:\/\/api.w.org\/{rel}","templated":true}]}}