{"id":59024,"date":"2025-11-10T22:16:54","date_gmt":"2025-11-10T21:16:54","guid":{"rendered":"https:\/\/www.ernstbrunn-apotheke.at\/katalog\/produkt\/hipp-gemuesereis-mit-bio-huehnchen-190-g\/"},"modified":"2025-12-08T17:14:31","modified_gmt":"2025-12-08T16:14:31","slug":"hipp-gemuesereis-mit-bio-huehnchen-190-g","status":"publish","type":"product","link":"https:\/\/www.ernstbrunn-apotheke.at\/katalog\/produkt\/hipp-gemuesereis-mit-bio-huehnchen-190-g\/","title":{"rendered":"Hipp Gem\u00fcsereis mit Bio-H\u00fchnchen 190 g"},"content":{"rendered":"<p>Die Hipp Babynahrung wird aus schonend dampfgegartem Gem\u00fcse und Bio-H\u00fchnchen hergestellt. Der feist\u00fcckig p\u00fcrierte Babybrei enth\u00e4lt die wertvolle Omega-3-Fetts\u00e4ure Alpha-Linolens\u00e4ure, ist frei von Salzen, Aromen und Konservierungsstoffen und die ideale Nahrung f\u00fcr Kinder nach dem 4. Monat &#8211; bestellen Sie jetzt dort, wo Sie sicher sind!<\/p>\n","protected":false},"excerpt":{"rendered":"<p>Die Hipp Babynahrung wird aus schonend dampfgegartem Gem\u00fcse und Bio-H\u00fchnchen hergestellt. Der feist\u00fcckig p\u00fcrierte Babybrei enth\u00e4lt die wertvolle Omega-3-Fetts\u00e4ure Alpha-Linolens\u00e4ure, ist frei von Salzen, Aromen und Konservierungsstoffen und die ideale Nahrung f\u00fcr Kinder nach dem 4. Monat &#8211; bestellen Sie jetzt dort, wo Sie sicher sind!<\/p>\n","protected":false},"featured_media":59026,"template":"","meta":{"_acf_changed":false},"product_brand":[],"product_cat":[805],"product_tag":[],"class_list":{"0":"post-59024","1":"product","2":"type-product","3":"status-publish","4":"has-post-thumbnail","6":"product_cat-h","7":"pa_packungsgroesse-190g","9":"first","10":"instock","11":"shipping-taxable","12":"purchasable","13":"product-type-simple"},"acf":[],"_links":{"self":[{"href":"https:\/\/www.ernstbrunn-apotheke.at\/katalog\/wp-json\/wp\/v2\/product\/59024","targetHints":{"allow":["GET"]}}],"collection":[{"href":"https:\/\/www.ernstbrunn-apotheke.at\/katalog\/wp-json\/wp\/v2\/product"}],"about":[{"href":"https:\/\/www.ernstbrunn-apotheke.at\/katalog\/wp-json\/wp\/v2\/types\/product"}],"wp:featuredmedia":[{"embeddable":true,"href":"https:\/\/www.ernstbrunn-apotheke.at\/katalog\/wp-json\/wp\/v2\/media\/59026"}],"wp:attachment":[{"href":"https:\/\/www.ernstbrunn-apotheke.at\/katalog\/wp-json\/wp\/v2\/media?parent=59024"}],"wp:term":[{"taxonomy":"product_brand","embeddable":true,"href":"https:\/\/www.ernstbrunn-apotheke.at\/katalog\/wp-json\/wp\/v2\/product_brand?post=59024"},{"taxonomy":"product_cat","embeddable":true,"href":"https:\/\/www.ernstbrunn-apotheke.at\/katalog\/wp-json\/wp\/v2\/product_cat?post=59024"},{"taxonomy":"product_tag","embeddable":true,"href":"https:\/\/www.ernstbrunn-apotheke.at\/katalog\/wp-json\/wp\/v2\/product_tag?post=59024"}],"curies":[{"name":"wp","href":"https:\/\/api.w.org\/{rel}","templated":true}]}}