{"id":59010,"date":"2025-11-10T22:16:54","date_gmt":"2025-11-10T21:16:54","guid":{"rendered":"https:\/\/www.ernstbrunn-apotheke.at\/katalog\/produkt\/melasan-sportgetraenk-bcaa-johannisbeere-670-g-pulver\/"},"modified":"2025-12-08T17:14:27","modified_gmt":"2025-12-08T16:14:27","slug":"melasan-sportgetraenk-bcaa-johannisbeere-670-g-pulver","status":"publish","type":"product","link":"https:\/\/www.ernstbrunn-apotheke.at\/katalog\/produkt\/melasan-sportgetraenk-bcaa-johannisbeere-670-g-pulver\/","title":{"rendered":"Melasan Sportgetr\u00e4nk BCAA Johannisbeere 670 g Pulver"},"content":{"rendered":"<p>Sportgetr\u00e4nk BCAA Johannisbeere 670 g enth\u00e4lt Vitamine, Mineralstoffe, Spurenelemente und BCAA (Branched Chain Amino Acids, verzweigtkettige Aminos\u00e4uren). Erstmals sind BCAA mit diesem Produkt in gut wasserl\u00f6slicher und geschmacksneutraler Form verf\u00fcgbar. Das Sportgetr\u00e4nk mit BCAA hat den belebenden Geschmack von schwarzen Johannisbeeren und sollte nach k\u00f6rperlicher Beanspruchung getrunken werden \u0096 jetzt<\/p>\n","protected":false},"excerpt":{"rendered":"<p>Sportgetr\u00e4nk BCAA Johannisbeere 670 g enth\u00e4lt Vitamine, Mineralstoffe, Spurenelemente und BCAA (Branched Chain Amino Acids, verzweigtkettige Aminos\u00e4uren). Erstmals sind BCAA mit diesem Produkt in gut wasserl\u00f6slicher und geschmacksneutraler Form verf\u00fcgbar. Das Sportgetr\u00e4nk mit BCAA hat den belebenden Geschmack von schwarzen Johannisbeeren und sollte nach k\u00f6rperlicher Beanspruchung getrunken werden \u0096 jetzt<\/p>\n","protected":false},"featured_media":59012,"template":"","meta":{"_acf_changed":false},"product_brand":[373],"product_cat":[800],"product_tag":[],"class_list":{"0":"post-59010","1":"product","2":"type-product","3":"status-publish","4":"has-post-thumbnail","6":"product_brand-melasan","7":"product_cat-m","8":"pa_packungsgroesse-670g","10":"first","11":"instock","12":"shipping-taxable","13":"purchasable","14":"product-type-simple"},"acf":[],"_links":{"self":[{"href":"https:\/\/www.ernstbrunn-apotheke.at\/katalog\/wp-json\/wp\/v2\/product\/59010","targetHints":{"allow":["GET"]}}],"collection":[{"href":"https:\/\/www.ernstbrunn-apotheke.at\/katalog\/wp-json\/wp\/v2\/product"}],"about":[{"href":"https:\/\/www.ernstbrunn-apotheke.at\/katalog\/wp-json\/wp\/v2\/types\/product"}],"wp:featuredmedia":[{"embeddable":true,"href":"https:\/\/www.ernstbrunn-apotheke.at\/katalog\/wp-json\/wp\/v2\/media\/59012"}],"wp:attachment":[{"href":"https:\/\/www.ernstbrunn-apotheke.at\/katalog\/wp-json\/wp\/v2\/media?parent=59010"}],"wp:term":[{"taxonomy":"product_brand","embeddable":true,"href":"https:\/\/www.ernstbrunn-apotheke.at\/katalog\/wp-json\/wp\/v2\/product_brand?post=59010"},{"taxonomy":"product_cat","embeddable":true,"href":"https:\/\/www.ernstbrunn-apotheke.at\/katalog\/wp-json\/wp\/v2\/product_cat?post=59010"},{"taxonomy":"product_tag","embeddable":true,"href":"https:\/\/www.ernstbrunn-apotheke.at\/katalog\/wp-json\/wp\/v2\/product_tag?post=59010"}],"curies":[{"name":"wp","href":"https:\/\/api.w.org\/{rel}","templated":true}]}}