{"id":58945,"date":"2025-11-10T22:15:58","date_gmt":"2025-11-10T21:15:58","guid":{"rendered":"https:\/\/www.ernstbrunn-apotheke.at\/katalog\/produkt\/leukoplast-soft-4-cm-x-05-m-5-stk\/"},"modified":"2025-12-08T17:14:06","modified_gmt":"2025-12-08T16:14:06","slug":"leukoplast-soft-4-cm-x-05-m-5-stk","status":"publish","type":"product","link":"https:\/\/www.ernstbrunn-apotheke.at\/katalog\/produkt\/leukoplast-soft-4-cm-x-05-m-5-stk\/","title":{"rendered":"Leukoplast Soft  4 cm x 0,5 m 5 Stk."},"content":{"rendered":"<p>Leukoplast Soft ist mit einem weichen und geschmeidigen Tr\u00e4gervlies ausgestattet, welches zuverl\u00e4ssig haftet und von der Haut besonders gut vertragen wird. Das Pflaster ist luft- und wasserdampfdurchl\u00e4ssig und verhindert so, dass sich Feuchtigkeit unter dem Verband sammelt. Somit wird das Aufweichen der Haut verhindert. Da es geschmeidig und schmerzlos zu wechseln ist, eignet es sich auch hervorragend f\u00fcr Kinder.<\/p>\n","protected":false},"excerpt":{"rendered":"<p>Leukoplast Soft ist mit einem weichen und geschmeidigen Tr\u00e4gervlies ausgestattet, welches zuverl\u00e4ssig haftet und von der Haut besonders gut vertragen wird. Das Pflaster ist luft- und wasserdampfdurchl\u00e4ssig und verhindert so, dass sich Feuchtigkeit unter dem Verband sammelt. Somit wird das Aufweichen der Haut verhindert. Da es geschmeidig und schmerzlos zu wechseln ist, eignet es sich [&hellip;]<\/p>\n","protected":false},"featured_media":58947,"template":"","meta":{"_acf_changed":false},"product_brand":[980],"product_cat":[795],"product_tag":[],"class_list":{"0":"post-58945","1":"product","2":"type-product","3":"status-publish","4":"has-post-thumbnail","6":"product_brand-leukoplast","7":"product_cat-l","8":"pa_packungsgroesse-5-stueck","10":"first","11":"instock","12":"shipping-taxable","13":"purchasable","14":"product-type-simple"},"acf":[],"_links":{"self":[{"href":"https:\/\/www.ernstbrunn-apotheke.at\/katalog\/wp-json\/wp\/v2\/product\/58945","targetHints":{"allow":["GET"]}}],"collection":[{"href":"https:\/\/www.ernstbrunn-apotheke.at\/katalog\/wp-json\/wp\/v2\/product"}],"about":[{"href":"https:\/\/www.ernstbrunn-apotheke.at\/katalog\/wp-json\/wp\/v2\/types\/product"}],"wp:featuredmedia":[{"embeddable":true,"href":"https:\/\/www.ernstbrunn-apotheke.at\/katalog\/wp-json\/wp\/v2\/media\/58947"}],"wp:attachment":[{"href":"https:\/\/www.ernstbrunn-apotheke.at\/katalog\/wp-json\/wp\/v2\/media?parent=58945"}],"wp:term":[{"taxonomy":"product_brand","embeddable":true,"href":"https:\/\/www.ernstbrunn-apotheke.at\/katalog\/wp-json\/wp\/v2\/product_brand?post=58945"},{"taxonomy":"product_cat","embeddable":true,"href":"https:\/\/www.ernstbrunn-apotheke.at\/katalog\/wp-json\/wp\/v2\/product_cat?post=58945"},{"taxonomy":"product_tag","embeddable":true,"href":"https:\/\/www.ernstbrunn-apotheke.at\/katalog\/wp-json\/wp\/v2\/product_tag?post=58945"}],"curies":[{"name":"wp","href":"https:\/\/api.w.org\/{rel}","templated":true}]}}