{"id":58932,"date":"2025-11-10T22:15:58","date_gmt":"2025-11-10T21:15:58","guid":{"rendered":"https:\/\/www.ernstbrunn-apotheke.at\/katalog\/produkt\/influmed-cistus-immun-saft-300-ml\/"},"modified":"2025-12-08T17:14:03","modified_gmt":"2025-12-08T16:14:03","slug":"influmed-cistus-immun-saft-300-ml","status":"publish","type":"product","link":"https:\/\/www.ernstbrunn-apotheke.at\/katalog\/produkt\/influmed-cistus-immun-saft-300-ml\/","title":{"rendered":"Influmed Cistus-Immun-Saft 300 ml"},"content":{"rendered":"<p>Influmed Cistus-Immun-Saft ist ein hochwertiges Nahrungserg\u00e4nzungsmittel, das sich wohltuend auf das Immunsystem aufwirkt. Dieses Produkt ist f\u00fcr Kinder ab dem 2. Lebensjahr geeignet und frei von Gluten, Lactose und k\u00fcnstlichen Farb- und Aromastoffen.<\/p>\n","protected":false},"excerpt":{"rendered":"<p>Influmed Cistus-Immun-Saft ist ein hochwertiges Nahrungserg\u00e4nzungsmittel, das sich wohltuend auf das Immunsystem aufwirkt. Dieses Produkt ist f\u00fcr Kinder ab dem 2. Lebensjahr geeignet und frei von Gluten, Lactose und k\u00fcnstlichen Farb- und Aromastoffen.<\/p>\n","protected":false},"featured_media":58934,"template":"","meta":{"_acf_changed":false},"product_brand":[],"product_cat":[823],"product_tag":[],"class_list":{"0":"post-58932","1":"product","2":"type-product","3":"status-publish","4":"has-post-thumbnail","6":"product_cat-i","7":"pa_packungsgroesse-300ml","9":"first","10":"instock","11":"shipping-taxable","12":"purchasable","13":"product-type-simple"},"acf":[],"_links":{"self":[{"href":"https:\/\/www.ernstbrunn-apotheke.at\/katalog\/wp-json\/wp\/v2\/product\/58932","targetHints":{"allow":["GET"]}}],"collection":[{"href":"https:\/\/www.ernstbrunn-apotheke.at\/katalog\/wp-json\/wp\/v2\/product"}],"about":[{"href":"https:\/\/www.ernstbrunn-apotheke.at\/katalog\/wp-json\/wp\/v2\/types\/product"}],"wp:featuredmedia":[{"embeddable":true,"href":"https:\/\/www.ernstbrunn-apotheke.at\/katalog\/wp-json\/wp\/v2\/media\/58934"}],"wp:attachment":[{"href":"https:\/\/www.ernstbrunn-apotheke.at\/katalog\/wp-json\/wp\/v2\/media?parent=58932"}],"wp:term":[{"taxonomy":"product_brand","embeddable":true,"href":"https:\/\/www.ernstbrunn-apotheke.at\/katalog\/wp-json\/wp\/v2\/product_brand?post=58932"},{"taxonomy":"product_cat","embeddable":true,"href":"https:\/\/www.ernstbrunn-apotheke.at\/katalog\/wp-json\/wp\/v2\/product_cat?post=58932"},{"taxonomy":"product_tag","embeddable":true,"href":"https:\/\/www.ernstbrunn-apotheke.at\/katalog\/wp-json\/wp\/v2\/product_tag?post=58932"}],"curies":[{"name":"wp","href":"https:\/\/api.w.org\/{rel}","templated":true}]}}