{"id":58839,"date":"2025-11-10T22:14:04","date_gmt":"2025-11-10T21:14:04","guid":{"rendered":"https:\/\/www.ernstbrunn-apotheke.at\/katalog\/produkt\/weizenkleie-grandel-200-g\/"},"modified":"2025-12-08T17:13:33","modified_gmt":"2025-12-08T16:13:33","slug":"weizenkleie-grandel-200-g","status":"publish","type":"product","link":"https:\/\/www.ernstbrunn-apotheke.at\/katalog\/produkt\/weizenkleie-grandel-200-g\/","title":{"rendered":"Weizenkleie Grandel 200 g"},"content":{"rendered":"<p>Weizenkleie Grandel tr\u00e4gt zur Erh\u00f6hung des Stuhlvolumens bei! Die in Granolax Weizenkleie enthaltenen Faser- und Quellstoffe vergr\u00f6\u00dfern das Volumen des Darminhalts, wodurch die Darmbewegung angeregt wird. Zus\u00e4tzlich verbessern die enthaltenen Getreide-Schleimstoffe die Gleitf\u00e4higkeit.<\/p>\n","protected":false},"excerpt":{"rendered":"<p>Weizenkleie Grandel tr\u00e4gt zur Erh\u00f6hung des Stuhlvolumens bei! Die in Granolax Weizenkleie enthaltenen Faser- und Quellstoffe vergr\u00f6\u00dfern das Volumen des Darminhalts, wodurch die Darmbewegung angeregt wird. Zus\u00e4tzlich verbessern die enthaltenen Getreide-Schleimstoffe die Gleitf\u00e4higkeit.<\/p>\n","protected":false},"featured_media":58841,"template":"","meta":{"_acf_changed":false},"product_brand":[607],"product_cat":[796],"product_tag":[],"class_list":{"0":"post-58839","1":"product","2":"type-product","3":"status-publish","4":"has-post-thumbnail","6":"product_brand-dr-grandel","7":"product_cat-w","8":"pa_packungsgroesse-200g","10":"first","11":"instock","12":"shipping-taxable","13":"purchasable","14":"product-type-simple"},"acf":[],"_links":{"self":[{"href":"https:\/\/www.ernstbrunn-apotheke.at\/katalog\/wp-json\/wp\/v2\/product\/58839","targetHints":{"allow":["GET"]}}],"collection":[{"href":"https:\/\/www.ernstbrunn-apotheke.at\/katalog\/wp-json\/wp\/v2\/product"}],"about":[{"href":"https:\/\/www.ernstbrunn-apotheke.at\/katalog\/wp-json\/wp\/v2\/types\/product"}],"wp:featuredmedia":[{"embeddable":true,"href":"https:\/\/www.ernstbrunn-apotheke.at\/katalog\/wp-json\/wp\/v2\/media\/58841"}],"wp:attachment":[{"href":"https:\/\/www.ernstbrunn-apotheke.at\/katalog\/wp-json\/wp\/v2\/media?parent=58839"}],"wp:term":[{"taxonomy":"product_brand","embeddable":true,"href":"https:\/\/www.ernstbrunn-apotheke.at\/katalog\/wp-json\/wp\/v2\/product_brand?post=58839"},{"taxonomy":"product_cat","embeddable":true,"href":"https:\/\/www.ernstbrunn-apotheke.at\/katalog\/wp-json\/wp\/v2\/product_cat?post=58839"},{"taxonomy":"product_tag","embeddable":true,"href":"https:\/\/www.ernstbrunn-apotheke.at\/katalog\/wp-json\/wp\/v2\/product_tag?post=58839"}],"curies":[{"name":"wp","href":"https:\/\/api.w.org\/{rel}","templated":true}]}}