{"id":58829,"date":"2025-11-10T22:14:04","date_gmt":"2025-11-10T21:14:04","guid":{"rendered":"https:\/\/www.ernstbrunn-apotheke.at\/katalog\/produkt\/bio-h-tin-glassicura-feile-1-stk\/"},"modified":"2025-12-08T17:13:27","modified_gmt":"2025-12-08T16:13:27","slug":"bio-h-tin-glassicura-feile-1-stk","status":"publish","type":"product","link":"https:\/\/www.ernstbrunn-apotheke.at\/katalog\/produkt\/bio-h-tin-glassicura-feile-1-stk\/","title":{"rendered":"Bio-h-tin Glassicura Feile 1 Stk."},"content":{"rendered":"<p>Bio-h-tin Glassicura Feile eignet sich zur Nagelpflege f\u00fcr Jung und Alt. Durch die besondere, ergonomische Form, die innenliegende Schleiffl\u00e4che und das gro\u00dfe Griffst\u00fcck k\u00f6nnen Sie Ihre N\u00e4gel einfach, sicher und komfortabel pflegen. Die microfeine Schleiffl\u00e4che sorgt dabei f\u00fcr gleichm\u00e4\u00dfig sch\u00f6ne, sanft abgerundete N\u00e4gel. Die empfindliche Haut rund um den Nagel wird gesch\u00fctzt.<\/p>\n","protected":false},"excerpt":{"rendered":"<p>Bio-h-tin Glassicura Feile eignet sich zur Nagelpflege f\u00fcr Jung und Alt. Durch die besondere, ergonomische Form, die innenliegende Schleiffl\u00e4che und das gro\u00dfe Griffst\u00fcck k\u00f6nnen Sie Ihre N\u00e4gel einfach, sicher und komfortabel pflegen. Die microfeine Schleiffl\u00e4che sorgt dabei f\u00fcr gleichm\u00e4\u00dfig sch\u00f6ne, sanft abgerundete N\u00e4gel. Die empfindliche Haut rund um den Nagel wird gesch\u00fctzt.<\/p>\n","protected":false},"featured_media":58831,"template":"","meta":{"_acf_changed":false},"product_brand":[634],"product_cat":[802],"product_tag":[],"class_list":{"0":"post-58829","1":"product","2":"type-product","3":"status-publish","4":"has-post-thumbnail","6":"product_brand-bio-h-tin","7":"product_cat-b","8":"pa_packungsgroesse-1-stueck","10":"first","11":"instock","12":"shipping-taxable","13":"purchasable","14":"product-type-simple"},"acf":[],"_links":{"self":[{"href":"https:\/\/www.ernstbrunn-apotheke.at\/katalog\/wp-json\/wp\/v2\/product\/58829","targetHints":{"allow":["GET"]}}],"collection":[{"href":"https:\/\/www.ernstbrunn-apotheke.at\/katalog\/wp-json\/wp\/v2\/product"}],"about":[{"href":"https:\/\/www.ernstbrunn-apotheke.at\/katalog\/wp-json\/wp\/v2\/types\/product"}],"wp:featuredmedia":[{"embeddable":true,"href":"https:\/\/www.ernstbrunn-apotheke.at\/katalog\/wp-json\/wp\/v2\/media\/58831"}],"wp:attachment":[{"href":"https:\/\/www.ernstbrunn-apotheke.at\/katalog\/wp-json\/wp\/v2\/media?parent=58829"}],"wp:term":[{"taxonomy":"product_brand","embeddable":true,"href":"https:\/\/www.ernstbrunn-apotheke.at\/katalog\/wp-json\/wp\/v2\/product_brand?post=58829"},{"taxonomy":"product_cat","embeddable":true,"href":"https:\/\/www.ernstbrunn-apotheke.at\/katalog\/wp-json\/wp\/v2\/product_cat?post=58829"},{"taxonomy":"product_tag","embeddable":true,"href":"https:\/\/www.ernstbrunn-apotheke.at\/katalog\/wp-json\/wp\/v2\/product_tag?post=58829"}],"curies":[{"name":"wp","href":"https:\/\/api.w.org\/{rel}","templated":true}]}}