{"id":58719,"date":"2025-11-10T22:11:33","date_gmt":"2025-11-10T21:11:33","guid":{"rendered":"https:\/\/www.ernstbrunn-apotheke.at\/katalog\/produkt\/ladival-allergische-haut-sonnenschutz-gel-lsf-50-50-ml\/"},"modified":"2025-12-08T17:12:55","modified_gmt":"2025-12-08T16:12:55","slug":"ladival-allergische-haut-sonnenschutz-gel-lsf-50-50-ml","status":"publish","type":"product","link":"https:\/\/www.ernstbrunn-apotheke.at\/katalog\/produkt\/ladival-allergische-haut-sonnenschutz-gel-lsf-50-50-ml\/","title":{"rendered":"Ladival Allergische Haut Sonnenschutz Gel LSF 50+ 50 ml"},"content":{"rendered":"<p>Ladival\u00ae Allergische Haut Sonnenschutz Gel LSF 50+ ist besonders hautvertr\u00e4glich, da es keine Parfum, Farb- und Konservierungsstoffe beinhaltet. Der einzigartige 3-fach Zellschutz sch\u00fctzt vor Sonnenbrand und sonnenbedingter Hautalterung. Besonders gut geeignet f\u00fcr Sonnenallergie und Mallorca Akne.<\/p>\n","protected":false},"excerpt":{"rendered":"<p>Ladival\u00ae Allergische Haut Sonnenschutz Gel LSF 50+ ist besonders hautvertr\u00e4glich, da es keine Parfum, Farb- und Konservierungsstoffe beinhaltet. Der einzigartige 3-fach Zellschutz sch\u00fctzt vor Sonnenbrand und sonnenbedingter Hautalterung. Besonders gut geeignet f\u00fcr Sonnenallergie und Mallorca Akne.<\/p>\n","protected":false},"featured_media":0,"template":"","meta":{"_acf_changed":false},"product_brand":[1027],"product_cat":[795],"product_tag":[],"class_list":{"0":"post-58719","1":"product","2":"type-product","3":"status-publish","5":"product_brand-ladival","6":"product_cat-l","7":"pa_packungsgroesse-50ml","9":"first","10":"instock","11":"shipping-taxable","12":"purchasable","13":"product-type-simple"},"acf":[],"_links":{"self":[{"href":"https:\/\/www.ernstbrunn-apotheke.at\/katalog\/wp-json\/wp\/v2\/product\/58719","targetHints":{"allow":["GET"]}}],"collection":[{"href":"https:\/\/www.ernstbrunn-apotheke.at\/katalog\/wp-json\/wp\/v2\/product"}],"about":[{"href":"https:\/\/www.ernstbrunn-apotheke.at\/katalog\/wp-json\/wp\/v2\/types\/product"}],"wp:attachment":[{"href":"https:\/\/www.ernstbrunn-apotheke.at\/katalog\/wp-json\/wp\/v2\/media?parent=58719"}],"wp:term":[{"taxonomy":"product_brand","embeddable":true,"href":"https:\/\/www.ernstbrunn-apotheke.at\/katalog\/wp-json\/wp\/v2\/product_brand?post=58719"},{"taxonomy":"product_cat","embeddable":true,"href":"https:\/\/www.ernstbrunn-apotheke.at\/katalog\/wp-json\/wp\/v2\/product_cat?post=58719"},{"taxonomy":"product_tag","embeddable":true,"href":"https:\/\/www.ernstbrunn-apotheke.at\/katalog\/wp-json\/wp\/v2\/product_tag?post=58719"}],"curies":[{"name":"wp","href":"https:\/\/api.w.org\/{rel}","templated":true}]}}