{"id":58654,"date":"2025-11-10T22:10:40","date_gmt":"2025-11-10T21:10:40","guid":{"rendered":"https:\/\/www.ernstbrunn-apotheke.at\/katalog\/produkt\/schuelke-mayr-kodan-loesung-forte-250-ml-farblos\/"},"modified":"2025-12-08T17:12:34","modified_gmt":"2025-12-08T16:12:34","slug":"schuelke-mayr-kodan-loesung-forte-250-ml-farblos","status":"publish","type":"product","link":"https:\/\/www.ernstbrunn-apotheke.at\/katalog\/produkt\/schuelke-mayr-kodan-loesung-forte-250-ml-farblos\/","title":{"rendered":"Sch\u00fclke &#038; Mayr Kodan L\u00f6sung forte 250 ml farblos"},"content":{"rendered":"<p>Sch\u00fclke &#038; Mayr Kodan L\u00f6sung forte ist ein Desinfektionsmittel zur \u00e4u\u00dferen Anwendung auf der Haut. Die L\u00f6sung dient der Hautdesinfektion vor operativen Eingriffen, Katheterisierungen von Blutgef\u00e4\u00dfen, Blut- und Liquorentnahmen, Injektionen, Punktionen, Exzisionen, Kan\u00fclierungen und Biopsien.<\/p>\n","protected":false},"excerpt":{"rendered":"<p>Sch\u00fclke &#038; Mayr Kodan L\u00f6sung forte ist ein Desinfektionsmittel zur \u00e4u\u00dferen Anwendung auf der Haut. Die L\u00f6sung dient der Hautdesinfektion vor operativen Eingriffen, Katheterisierungen von Blutgef\u00e4\u00dfen, Blut- und Liquorentnahmen, Injektionen, Punktionen, Exzisionen, Kan\u00fclierungen und Biopsien.<\/p>\n","protected":false},"featured_media":58656,"template":"","meta":{"_acf_changed":false},"product_brand":[],"product_cat":[791],"product_tag":[],"class_list":{"0":"post-58654","1":"product","2":"type-product","3":"status-publish","4":"has-post-thumbnail","6":"product_cat-s","7":"pa_packungsgroesse-250ml","9":"first","10":"instock","11":"shipping-taxable","12":"purchasable","13":"product-type-simple"},"acf":[],"_links":{"self":[{"href":"https:\/\/www.ernstbrunn-apotheke.at\/katalog\/wp-json\/wp\/v2\/product\/58654","targetHints":{"allow":["GET"]}}],"collection":[{"href":"https:\/\/www.ernstbrunn-apotheke.at\/katalog\/wp-json\/wp\/v2\/product"}],"about":[{"href":"https:\/\/www.ernstbrunn-apotheke.at\/katalog\/wp-json\/wp\/v2\/types\/product"}],"wp:featuredmedia":[{"embeddable":true,"href":"https:\/\/www.ernstbrunn-apotheke.at\/katalog\/wp-json\/wp\/v2\/media\/58656"}],"wp:attachment":[{"href":"https:\/\/www.ernstbrunn-apotheke.at\/katalog\/wp-json\/wp\/v2\/media?parent=58654"}],"wp:term":[{"taxonomy":"product_brand","embeddable":true,"href":"https:\/\/www.ernstbrunn-apotheke.at\/katalog\/wp-json\/wp\/v2\/product_brand?post=58654"},{"taxonomy":"product_cat","embeddable":true,"href":"https:\/\/www.ernstbrunn-apotheke.at\/katalog\/wp-json\/wp\/v2\/product_cat?post=58654"},{"taxonomy":"product_tag","embeddable":true,"href":"https:\/\/www.ernstbrunn-apotheke.at\/katalog\/wp-json\/wp\/v2\/product_tag?post=58654"}],"curies":[{"name":"wp","href":"https:\/\/api.w.org\/{rel}","templated":true}]}}