{"id":58643,"date":"2025-11-10T22:10:40","date_gmt":"2025-11-10T21:10:40","guid":{"rendered":"https:\/\/www.ernstbrunn-apotheke.at\/katalog\/produkt\/apofit-sanddorn-baeren-150-g\/"},"modified":"2025-12-08T17:12:29","modified_gmt":"2025-12-08T16:12:29","slug":"apofit-sanddorn-baeren-150-g","status":"publish","type":"product","link":"https:\/\/www.ernstbrunn-apotheke.at\/katalog\/produkt\/apofit-sanddorn-baeren-150-g\/","title":{"rendered":"Apofit Sanddorn B\u00e4ren 150 g"},"content":{"rendered":"<p>Apofit Sanddorn B\u00e4ren sind frisch fruchtig und richtig lecker f\u00fcr kleine und gro\u00dfe Kinder. Sie haben einen Fruchtsaftanteil von 13 Prozent und enthalten dar\u00fcber hinaus auch Honig und Vitamin C &#8211; dieses und viele weitere Produkte der Marke APOFIT erhalten Sie jederzeit bei uns!<\/p>\n","protected":false},"excerpt":{"rendered":"<p>Apofit Sanddorn B\u00e4ren sind frisch fruchtig und richtig lecker f\u00fcr kleine und gro\u00dfe Kinder. Sie haben einen Fruchtsaftanteil von 13 Prozent und enthalten dar\u00fcber hinaus auch Honig und Vitamin C &#8211; dieses und viele weitere Produkte der Marke APOFIT erhalten Sie jederzeit bei uns!<\/p>\n","protected":false},"featured_media":58645,"template":"","meta":{"_acf_changed":false},"product_brand":[584],"product_cat":[801],"product_tag":[],"class_list":{"0":"post-58643","1":"product","2":"type-product","3":"status-publish","4":"has-post-thumbnail","6":"product_brand-apofit","7":"product_cat-a","8":"pa_packungsgroesse-150g","10":"first","11":"instock","12":"shipping-taxable","13":"purchasable","14":"product-type-simple"},"acf":[],"_links":{"self":[{"href":"https:\/\/www.ernstbrunn-apotheke.at\/katalog\/wp-json\/wp\/v2\/product\/58643","targetHints":{"allow":["GET"]}}],"collection":[{"href":"https:\/\/www.ernstbrunn-apotheke.at\/katalog\/wp-json\/wp\/v2\/product"}],"about":[{"href":"https:\/\/www.ernstbrunn-apotheke.at\/katalog\/wp-json\/wp\/v2\/types\/product"}],"wp:featuredmedia":[{"embeddable":true,"href":"https:\/\/www.ernstbrunn-apotheke.at\/katalog\/wp-json\/wp\/v2\/media\/58645"}],"wp:attachment":[{"href":"https:\/\/www.ernstbrunn-apotheke.at\/katalog\/wp-json\/wp\/v2\/media?parent=58643"}],"wp:term":[{"taxonomy":"product_brand","embeddable":true,"href":"https:\/\/www.ernstbrunn-apotheke.at\/katalog\/wp-json\/wp\/v2\/product_brand?post=58643"},{"taxonomy":"product_cat","embeddable":true,"href":"https:\/\/www.ernstbrunn-apotheke.at\/katalog\/wp-json\/wp\/v2\/product_cat?post=58643"},{"taxonomy":"product_tag","embeddable":true,"href":"https:\/\/www.ernstbrunn-apotheke.at\/katalog\/wp-json\/wp\/v2\/product_tag?post=58643"}],"curies":[{"name":"wp","href":"https:\/\/api.w.org\/{rel}","templated":true}]}}