{"id":58619,"date":"2025-11-10T22:09:41","date_gmt":"2025-11-10T21:09:41","guid":{"rendered":"https:\/\/www.ernstbrunn-apotheke.at\/katalog\/produkt\/oleovital-vitamin-b12-mundspray-25-ml\/"},"modified":"2025-12-08T17:12:24","modified_gmt":"2025-12-08T16:12:24","slug":"oleovital-vitamin-b12-mundspray-25-ml","status":"publish","type":"product","link":"https:\/\/www.ernstbrunn-apotheke.at\/katalog\/produkt\/oleovital-vitamin-b12-mundspray-25-ml\/","title":{"rendered":"Oleovital Vitamin B12 Mundspray 25 ml"},"content":{"rendered":"<p>Der OLEOvital\u00ae VITAMIN B12 Mundspray (500 \u03bcg) versorgt Sie in biologisch hochwertiger Form mit Vitamin B12, ist wohlschmeckend und praktisch in der Anwendung. OLEOvital\u00ae VITAMIN B12 Mundspray wirkt unterst\u00fctzend bei schneller Erm\u00fcdung, geschw\u00e4chtem Immunsystem, neurologischen Defiziten<\/p>\n","protected":false},"excerpt":{"rendered":"<p>Der OLEOvital\u00ae VITAMIN B12 Mundspray (500 \u03bcg) versorgt Sie in biologisch hochwertiger Form mit Vitamin B12, ist wohlschmeckend und praktisch in der Anwendung. OLEOvital\u00ae VITAMIN B12 Mundspray wirkt unterst\u00fctzend bei schneller Erm\u00fcdung, geschw\u00e4chtem Immunsystem, neurologischen Defiziten<\/p>\n","protected":false},"featured_media":58621,"template":"","meta":{"_acf_changed":false},"product_brand":[],"product_cat":[819],"product_tag":[],"class_list":{"0":"post-58619","1":"product","2":"type-product","3":"status-publish","4":"has-post-thumbnail","6":"product_cat-o","7":"pa_packungsgroesse-25ml","9":"first","10":"instock","11":"shipping-taxable","12":"purchasable","13":"product-type-simple"},"acf":[],"_links":{"self":[{"href":"https:\/\/www.ernstbrunn-apotheke.at\/katalog\/wp-json\/wp\/v2\/product\/58619","targetHints":{"allow":["GET"]}}],"collection":[{"href":"https:\/\/www.ernstbrunn-apotheke.at\/katalog\/wp-json\/wp\/v2\/product"}],"about":[{"href":"https:\/\/www.ernstbrunn-apotheke.at\/katalog\/wp-json\/wp\/v2\/types\/product"}],"wp:featuredmedia":[{"embeddable":true,"href":"https:\/\/www.ernstbrunn-apotheke.at\/katalog\/wp-json\/wp\/v2\/media\/58621"}],"wp:attachment":[{"href":"https:\/\/www.ernstbrunn-apotheke.at\/katalog\/wp-json\/wp\/v2\/media?parent=58619"}],"wp:term":[{"taxonomy":"product_brand","embeddable":true,"href":"https:\/\/www.ernstbrunn-apotheke.at\/katalog\/wp-json\/wp\/v2\/product_brand?post=58619"},{"taxonomy":"product_cat","embeddable":true,"href":"https:\/\/www.ernstbrunn-apotheke.at\/katalog\/wp-json\/wp\/v2\/product_cat?post=58619"},{"taxonomy":"product_tag","embeddable":true,"href":"https:\/\/www.ernstbrunn-apotheke.at\/katalog\/wp-json\/wp\/v2\/product_tag?post=58619"}],"curies":[{"name":"wp","href":"https:\/\/api.w.org\/{rel}","templated":true}]}}