{"id":58553,"date":"2025-11-10T22:08:51","date_gmt":"2025-11-10T21:08:51","guid":{"rendered":"https:\/\/www.ernstbrunn-apotheke.at\/katalog\/produkt\/vichy-liftactiv-flexilift-teint-make-up-nr-55-bronze\/"},"modified":"2025-12-08T17:12:04","modified_gmt":"2025-12-08T16:12:04","slug":"vichy-liftactiv-flexilift-teint-make-up-nr-55-bronze","status":"publish","type":"product","link":"https:\/\/www.ernstbrunn-apotheke.at\/katalog\/produkt\/vichy-liftactiv-flexilift-teint-make-up-nr-55-bronze\/","title":{"rendered":"Vichy LIFTACTIV Flexilift Teint Make-Up Nr.55 bronze"},"content":{"rendered":"<p>Make-up mit Lifting-Effekt. F\u00fcr Frauen \u00fcber 40, die ein Make-Up mit hautstraffender Wirkung w\u00fcnschen. Hautgl\u00e4ttendes Make-up mit hoher Deckkraft, mildert Falten<\/p>\n","protected":false},"excerpt":{"rendered":"<p>Make-up mit Lifting-Effekt. F\u00fcr Frauen \u00fcber 40, die ein Make-Up mit hautstraffender Wirkung w\u00fcnschen. Hautgl\u00e4ttendes Make-up mit hoher Deckkraft, mildert Falten<\/p>\n","protected":false},"featured_media":58555,"template":"","meta":{"_acf_changed":false},"product_brand":[675],"product_cat":[799],"product_tag":[],"class_list":{"0":"post-58553","1":"product","2":"type-product","3":"status-publish","4":"has-post-thumbnail","6":"product_brand-vichy","7":"product_cat-v","8":"pa_farbe-15-opal","9":"pa_farbe-55-bronze","10":"pa_packungsgroesse-30ml","12":"first","13":"instock","14":"shipping-taxable","15":"purchasable","16":"product-type-simple"},"acf":[],"_links":{"self":[{"href":"https:\/\/www.ernstbrunn-apotheke.at\/katalog\/wp-json\/wp\/v2\/product\/58553","targetHints":{"allow":["GET"]}}],"collection":[{"href":"https:\/\/www.ernstbrunn-apotheke.at\/katalog\/wp-json\/wp\/v2\/product"}],"about":[{"href":"https:\/\/www.ernstbrunn-apotheke.at\/katalog\/wp-json\/wp\/v2\/types\/product"}],"wp:featuredmedia":[{"embeddable":true,"href":"https:\/\/www.ernstbrunn-apotheke.at\/katalog\/wp-json\/wp\/v2\/media\/58555"}],"wp:attachment":[{"href":"https:\/\/www.ernstbrunn-apotheke.at\/katalog\/wp-json\/wp\/v2\/media?parent=58553"}],"wp:term":[{"taxonomy":"product_brand","embeddable":true,"href":"https:\/\/www.ernstbrunn-apotheke.at\/katalog\/wp-json\/wp\/v2\/product_brand?post=58553"},{"taxonomy":"product_cat","embeddable":true,"href":"https:\/\/www.ernstbrunn-apotheke.at\/katalog\/wp-json\/wp\/v2\/product_cat?post=58553"},{"taxonomy":"product_tag","embeddable":true,"href":"https:\/\/www.ernstbrunn-apotheke.at\/katalog\/wp-json\/wp\/v2\/product_tag?post=58553"}],"curies":[{"name":"wp","href":"https:\/\/api.w.org\/{rel}","templated":true}]}}