{"id":58531,"date":"2025-11-10T22:08:51","date_gmt":"2025-11-10T21:08:51","guid":{"rendered":"https:\/\/www.ernstbrunn-apotheke.at\/katalog\/produkt\/viva-skin-reinigungsschaum-unparfuemiert-150-ml\/"},"modified":"2025-12-08T17:11:59","modified_gmt":"2025-12-08T16:11:59","slug":"viva-skin-reinigungsschaum-unparfuemiert-150-ml","status":"publish","type":"product","link":"https:\/\/www.ernstbrunn-apotheke.at\/katalog\/produkt\/viva-skin-reinigungsschaum-unparfuemiert-150-ml\/","title":{"rendered":"Viva Skin Reinigungsschaum Unparf\u00fcmiert 150 ml"},"content":{"rendered":"<p>Viva Skin Reinigungsschaum reinigt die Gesichtshaut und das Dekollet\u00e9 angenehm sanft, entfernt \u00fcbersch\u00fcssiges Hautfett und befreit die Haut gr\u00fcndlich von Makeup R\u00fcckst\u00e4nden. Dabei wirkt der pflanzliche Inhaltsstoff Allantoin hautberuhigend und gleichzeitig bewahrt Panthenol der Haut ihre Feuchtigkeit und f\u00f6rdert ihre nat\u00fcrliche Barrierefunktion.<\/p>\n","protected":false},"excerpt":{"rendered":"<p>Viva Skin Reinigungsschaum reinigt die Gesichtshaut und das Dekollet\u00e9 angenehm sanft, entfernt \u00fcbersch\u00fcssiges Hautfett und befreit die Haut gr\u00fcndlich von Makeup R\u00fcckst\u00e4nden. Dabei wirkt der pflanzliche Inhaltsstoff Allantoin hautberuhigend und gleichzeitig bewahrt Panthenol der Haut ihre Feuchtigkeit und f\u00f6rdert ihre nat\u00fcrliche Barrierefunktion.<\/p>\n","protected":false},"featured_media":58533,"template":"","meta":{"_acf_changed":false},"product_brand":[],"product_cat":[799],"product_tag":[],"class_list":{"0":"post-58531","1":"product","2":"type-product","3":"status-publish","4":"has-post-thumbnail","6":"product_cat-v","7":"pa_packungsgroesse-150ml","9":"first","10":"instock","11":"shipping-taxable","12":"purchasable","13":"product-type-simple"},"acf":[],"_links":{"self":[{"href":"https:\/\/www.ernstbrunn-apotheke.at\/katalog\/wp-json\/wp\/v2\/product\/58531","targetHints":{"allow":["GET"]}}],"collection":[{"href":"https:\/\/www.ernstbrunn-apotheke.at\/katalog\/wp-json\/wp\/v2\/product"}],"about":[{"href":"https:\/\/www.ernstbrunn-apotheke.at\/katalog\/wp-json\/wp\/v2\/types\/product"}],"wp:featuredmedia":[{"embeddable":true,"href":"https:\/\/www.ernstbrunn-apotheke.at\/katalog\/wp-json\/wp\/v2\/media\/58533"}],"wp:attachment":[{"href":"https:\/\/www.ernstbrunn-apotheke.at\/katalog\/wp-json\/wp\/v2\/media?parent=58531"}],"wp:term":[{"taxonomy":"product_brand","embeddable":true,"href":"https:\/\/www.ernstbrunn-apotheke.at\/katalog\/wp-json\/wp\/v2\/product_brand?post=58531"},{"taxonomy":"product_cat","embeddable":true,"href":"https:\/\/www.ernstbrunn-apotheke.at\/katalog\/wp-json\/wp\/v2\/product_cat?post=58531"},{"taxonomy":"product_tag","embeddable":true,"href":"https:\/\/www.ernstbrunn-apotheke.at\/katalog\/wp-json\/wp\/v2\/product_tag?post=58531"}],"curies":[{"name":"wp","href":"https:\/\/api.w.org\/{rel}","templated":true}]}}