{"id":58515,"date":"2025-11-10T22:07:43","date_gmt":"2025-11-10T21:07:43","guid":{"rendered":"https:\/\/www.ernstbrunn-apotheke.at\/katalog\/produkt\/optifast-riegel-cappuccino-1-pkg\/"},"modified":"2025-12-08T17:11:55","modified_gmt":"2025-12-08T16:11:55","slug":"optifast-riegel-cappuccino-1-pkg","status":"publish","type":"product","link":"https:\/\/www.ernstbrunn-apotheke.at\/katalog\/produkt\/optifast-riegel-cappuccino-1-pkg\/","title":{"rendered":"Optifast Riegel Cappuccino 1 Pkg."},"content":{"rendered":"<p>Die vollwertige Mahlzeit zur Unterst\u00fctzung beim Abnehmen: Mahlzeitersatz mit 233 kcal  eiwei\u00dfreich  reich an Vitaminen und Mineralstoffen  keine Zubereitung erforderlich &#8211; praktisch f\u00fcr unterwegs und hervorragender Geschmack.<\/p>\n","protected":false},"excerpt":{"rendered":"<p>Die vollwertige Mahlzeit zur Unterst\u00fctzung beim Abnehmen: Mahlzeitersatz mit 233 kcal eiwei\u00dfreich reich an Vitaminen und Mineralstoffen keine Zubereitung erforderlich &#8211; praktisch f\u00fcr unterwegs und hervorragender Geschmack.<\/p>\n","protected":false},"featured_media":58517,"template":"","meta":{"_acf_changed":false},"product_brand":[1126],"product_cat":[819],"product_tag":[],"class_list":{"0":"post-58515","1":"product","2":"type-product","3":"status-publish","4":"has-post-thumbnail","6":"product_brand-optifast","7":"product_cat-o","8":"pa_geschmack-cappuccino","9":"pa_packungsgroesse-1-stueck","11":"first","12":"instock","13":"shipping-taxable","14":"purchasable","15":"product-type-simple"},"acf":[],"_links":{"self":[{"href":"https:\/\/www.ernstbrunn-apotheke.at\/katalog\/wp-json\/wp\/v2\/product\/58515","targetHints":{"allow":["GET"]}}],"collection":[{"href":"https:\/\/www.ernstbrunn-apotheke.at\/katalog\/wp-json\/wp\/v2\/product"}],"about":[{"href":"https:\/\/www.ernstbrunn-apotheke.at\/katalog\/wp-json\/wp\/v2\/types\/product"}],"wp:featuredmedia":[{"embeddable":true,"href":"https:\/\/www.ernstbrunn-apotheke.at\/katalog\/wp-json\/wp\/v2\/media\/58517"}],"wp:attachment":[{"href":"https:\/\/www.ernstbrunn-apotheke.at\/katalog\/wp-json\/wp\/v2\/media?parent=58515"}],"wp:term":[{"taxonomy":"product_brand","embeddable":true,"href":"https:\/\/www.ernstbrunn-apotheke.at\/katalog\/wp-json\/wp\/v2\/product_brand?post=58515"},{"taxonomy":"product_cat","embeddable":true,"href":"https:\/\/www.ernstbrunn-apotheke.at\/katalog\/wp-json\/wp\/v2\/product_cat?post=58515"},{"taxonomy":"product_tag","embeddable":true,"href":"https:\/\/www.ernstbrunn-apotheke.at\/katalog\/wp-json\/wp\/v2\/product_tag?post=58515"}],"curies":[{"name":"wp","href":"https:\/\/api.w.org\/{rel}","templated":true}]}}