{"id":58508,"date":"2025-11-10T22:07:43","date_gmt":"2025-11-10T21:07:43","guid":{"rendered":"https:\/\/www.ernstbrunn-apotheke.at\/katalog\/produkt\/apofit-fruchtsaftbaeren-150-g-gelatinfrei\/"},"modified":"2025-12-08T17:11:52","modified_gmt":"2025-12-08T16:11:52","slug":"apofit-fruchtsaftbaeren-150-g-gelatinfrei","status":"publish","type":"product","link":"https:\/\/www.ernstbrunn-apotheke.at\/katalog\/produkt\/apofit-fruchtsaftbaeren-150-g-gelatinfrei\/","title":{"rendered":"Apofit Fruchtsaftb\u00e4ren 150 g Gelatinfrei"},"content":{"rendered":"<p>Apofit Fruchtsaftb\u00e4ren enthalten wertvolles Vitamin C und sind eine Mischung aus 12 verschiedenen Geschmacksrichtungen. Diese B\u00e4rchen bilden eine gesunde Alternative zu vielen anderen S\u00fc\u00dfigkeiten &#8211; dieses und viele weitere Produkte k\u00f6nnen Sie jederzeit online bestellen!<\/p>\n","protected":false},"excerpt":{"rendered":"<p>Apofit Fruchtsaftb\u00e4ren enthalten wertvolles Vitamin C und sind eine Mischung aus 12 verschiedenen Geschmacksrichtungen. Diese B\u00e4rchen bilden eine gesunde Alternative zu vielen anderen S\u00fc\u00dfigkeiten &#8211; dieses und viele weitere Produkte k\u00f6nnen Sie jederzeit online bestellen!<\/p>\n","protected":false},"featured_media":58510,"template":"","meta":{"_acf_changed":false},"product_brand":[584],"product_cat":[801],"product_tag":[],"class_list":{"0":"post-58508","1":"product","2":"type-product","3":"status-publish","4":"has-post-thumbnail","6":"product_brand-apofit","7":"product_cat-a","8":"pa_packungsgroesse-150g","10":"first","11":"instock","12":"shipping-taxable","13":"purchasable","14":"product-type-simple"},"acf":[],"_links":{"self":[{"href":"https:\/\/www.ernstbrunn-apotheke.at\/katalog\/wp-json\/wp\/v2\/product\/58508","targetHints":{"allow":["GET"]}}],"collection":[{"href":"https:\/\/www.ernstbrunn-apotheke.at\/katalog\/wp-json\/wp\/v2\/product"}],"about":[{"href":"https:\/\/www.ernstbrunn-apotheke.at\/katalog\/wp-json\/wp\/v2\/types\/product"}],"wp:featuredmedia":[{"embeddable":true,"href":"https:\/\/www.ernstbrunn-apotheke.at\/katalog\/wp-json\/wp\/v2\/media\/58510"}],"wp:attachment":[{"href":"https:\/\/www.ernstbrunn-apotheke.at\/katalog\/wp-json\/wp\/v2\/media?parent=58508"}],"wp:term":[{"taxonomy":"product_brand","embeddable":true,"href":"https:\/\/www.ernstbrunn-apotheke.at\/katalog\/wp-json\/wp\/v2\/product_brand?post=58508"},{"taxonomy":"product_cat","embeddable":true,"href":"https:\/\/www.ernstbrunn-apotheke.at\/katalog\/wp-json\/wp\/v2\/product_cat?post=58508"},{"taxonomy":"product_tag","embeddable":true,"href":"https:\/\/www.ernstbrunn-apotheke.at\/katalog\/wp-json\/wp\/v2\/product_tag?post=58508"}],"curies":[{"name":"wp","href":"https:\/\/api.w.org\/{rel}","templated":true}]}}