{"id":58434,"date":"2025-11-10T22:06:43","date_gmt":"2025-11-10T21:06:43","guid":{"rendered":"https:\/\/www.ernstbrunn-apotheke.at\/katalog\/produkt\/apofit-aloe-vera-saft-500-ml\/"},"modified":"2025-12-08T17:11:34","modified_gmt":"2025-12-08T16:11:34","slug":"apofit-aloe-vera-saft-500-ml","status":"publish","type":"product","link":"https:\/\/www.ernstbrunn-apotheke.at\/katalog\/produkt\/apofit-aloe-vera-saft-500-ml\/","title":{"rendered":"Apofit Aloe Vera Saft 500 ml"},"content":{"rendered":"<p>Apofit Aloe Vera Saft hat eine heilsame und pflegende Wirkung auf die Haut. Nicht nur sein nat\u00fcrlicher Gehalt an unverzichtbaren Aminos\u00e4uren macht den Saft der Aloe Vera zu einem wahren Gesundheitstrunk f\u00fcr Jung und Alt. Hinzu kommen zahlreiche Mineralstoffe wie Calcium, Magnesium und Eisen sowie viele Spurenelemente, die die Haut gesund und sch\u00f6n erhalten, die Abwehrkr\u00e4fte st\u00e4rken und vor freien Radikalen sch\u00fctzen.<\/p>\n","protected":false},"excerpt":{"rendered":"<p>Apofit Aloe Vera Saft hat eine heilsame und pflegende Wirkung auf die Haut. Nicht nur sein nat\u00fcrlicher Gehalt an unverzichtbaren Aminos\u00e4uren macht den Saft der Aloe Vera zu einem wahren Gesundheitstrunk f\u00fcr Jung und Alt. Hinzu kommen zahlreiche Mineralstoffe wie Calcium, Magnesium und Eisen sowie viele Spurenelemente, die die Haut gesund und sch\u00f6n erhalten, die [&hellip;]<\/p>\n","protected":false},"featured_media":58436,"template":"","meta":{"_acf_changed":false},"product_brand":[584],"product_cat":[801],"product_tag":[],"class_list":{"0":"post-58434","1":"product","2":"type-product","3":"status-publish","4":"has-post-thumbnail","6":"product_brand-apofit","7":"product_cat-a","8":"pa_packungsgroesse-500ml","10":"first","11":"instock","12":"shipping-taxable","13":"purchasable","14":"product-type-simple"},"acf":[],"_links":{"self":[{"href":"https:\/\/www.ernstbrunn-apotheke.at\/katalog\/wp-json\/wp\/v2\/product\/58434","targetHints":{"allow":["GET"]}}],"collection":[{"href":"https:\/\/www.ernstbrunn-apotheke.at\/katalog\/wp-json\/wp\/v2\/product"}],"about":[{"href":"https:\/\/www.ernstbrunn-apotheke.at\/katalog\/wp-json\/wp\/v2\/types\/product"}],"wp:featuredmedia":[{"embeddable":true,"href":"https:\/\/www.ernstbrunn-apotheke.at\/katalog\/wp-json\/wp\/v2\/media\/58436"}],"wp:attachment":[{"href":"https:\/\/www.ernstbrunn-apotheke.at\/katalog\/wp-json\/wp\/v2\/media?parent=58434"}],"wp:term":[{"taxonomy":"product_brand","embeddable":true,"href":"https:\/\/www.ernstbrunn-apotheke.at\/katalog\/wp-json\/wp\/v2\/product_brand?post=58434"},{"taxonomy":"product_cat","embeddable":true,"href":"https:\/\/www.ernstbrunn-apotheke.at\/katalog\/wp-json\/wp\/v2\/product_cat?post=58434"},{"taxonomy":"product_tag","embeddable":true,"href":"https:\/\/www.ernstbrunn-apotheke.at\/katalog\/wp-json\/wp\/v2\/product_tag?post=58434"}],"curies":[{"name":"wp","href":"https:\/\/api.w.org\/{rel}","templated":true}]}}