{"id":58394,"date":"2025-11-10T22:05:18","date_gmt":"2025-11-10T21:05:18","guid":{"rendered":"https:\/\/www.ernstbrunn-apotheke.at\/katalog\/produkt\/nicapur-arthroplex-premium-kapseln-60-stk\/"},"modified":"2025-12-08T17:11:25","modified_gmt":"2025-12-08T16:11:25","slug":"nicapur-arthroplex-premium-kapseln-60-stk","status":"publish","type":"product","link":"https:\/\/www.ernstbrunn-apotheke.at\/katalog\/produkt\/nicapur-arthroplex-premium-kapseln-60-stk\/","title":{"rendered":"Nicapur ArthroPlex Premium Kapseln 60 Stk."},"content":{"rendered":"<p>Nicapur\u00ae ist eine apothekenexklusive Premiummarke bei Reinsubstanzen-Nahrungserg\u00e4nzung. Nicapur hat es sich zum Ziel gemacht, qualitativ hochwertige Mikron\u00e4hrstoffpr\u00e4parate mit optimaler Bioverf\u00fcgbarkeit nach dem Reinsubstanzen Prinzip herzustellen. Das stetig anwachsende Produktsortiment erm\u00f6glicht den Einsatz von Mikron\u00e4hrstoffen in der Pr\u00e4vention, die ern\u00e4hrungsphysiologische Unterst\u00fctzung in der Orthomolekular- und Ern\u00e4hrungsmedizin sowie die Therapiebegleitung zur Reduktion von Arzneimitteldosen und -nebenwirkungen<\/p>\n","protected":false},"excerpt":{"rendered":"<p>Nicapur\u00ae ist eine apothekenexklusive Premiummarke bei Reinsubstanzen-Nahrungserg\u00e4nzung. Nicapur hat es sich zum Ziel gemacht, qualitativ hochwertige Mikron\u00e4hrstoffpr\u00e4parate mit optimaler Bioverf\u00fcgbarkeit nach dem Reinsubstanzen Prinzip herzustellen. Das stetig anwachsende Produktsortiment erm\u00f6glicht den Einsatz von Mikron\u00e4hrstoffen in der Pr\u00e4vention, die ern\u00e4hrungsphysiologische Unterst\u00fctzung in der Orthomolekular- und Ern\u00e4hrungsmedizin sowie die Therapiebegleitung zur Reduktion von Arzneimitteldosen und -nebenwirkungen<\/p>\n","protected":false},"featured_media":58396,"template":"","meta":{"_acf_changed":false},"product_brand":[352],"product_cat":[797],"product_tag":[],"class_list":{"0":"post-58394","1":"product","2":"type-product","3":"status-publish","4":"has-post-thumbnail","6":"product_brand-nicapur","7":"product_cat-n","8":"pa_packungsgroesse-60-stueck","10":"first","11":"instock","12":"shipping-taxable","13":"purchasable","14":"product-type-simple"},"acf":[],"_links":{"self":[{"href":"https:\/\/www.ernstbrunn-apotheke.at\/katalog\/wp-json\/wp\/v2\/product\/58394","targetHints":{"allow":["GET"]}}],"collection":[{"href":"https:\/\/www.ernstbrunn-apotheke.at\/katalog\/wp-json\/wp\/v2\/product"}],"about":[{"href":"https:\/\/www.ernstbrunn-apotheke.at\/katalog\/wp-json\/wp\/v2\/types\/product"}],"wp:featuredmedia":[{"embeddable":true,"href":"https:\/\/www.ernstbrunn-apotheke.at\/katalog\/wp-json\/wp\/v2\/media\/58396"}],"wp:attachment":[{"href":"https:\/\/www.ernstbrunn-apotheke.at\/katalog\/wp-json\/wp\/v2\/media?parent=58394"}],"wp:term":[{"taxonomy":"product_brand","embeddable":true,"href":"https:\/\/www.ernstbrunn-apotheke.at\/katalog\/wp-json\/wp\/v2\/product_brand?post=58394"},{"taxonomy":"product_cat","embeddable":true,"href":"https:\/\/www.ernstbrunn-apotheke.at\/katalog\/wp-json\/wp\/v2\/product_cat?post=58394"},{"taxonomy":"product_tag","embeddable":true,"href":"https:\/\/www.ernstbrunn-apotheke.at\/katalog\/wp-json\/wp\/v2\/product_tag?post=58394"}],"curies":[{"name":"wp","href":"https:\/\/api.w.org\/{rel}","templated":true}]}}