{"id":58382,"date":"2025-11-10T22:05:18","date_gmt":"2025-11-10T21:05:18","guid":{"rendered":"https:\/\/www.ernstbrunn-apotheke.at\/katalog\/produkt\/mavala-double-lash-wimpern-pflege-10-ml\/"},"modified":"2025-12-08T17:11:22","modified_gmt":"2025-12-08T16:11:22","slug":"mavala-double-lash-wimpern-pflege-10-ml","status":"publish","type":"product","link":"https:\/\/www.ernstbrunn-apotheke.at\/katalog\/produkt\/mavala-double-lash-wimpern-pflege-10-ml\/","title":{"rendered":"Mavala Double Lash Wimpern Pflege 10 ml"},"content":{"rendered":"<p>Weltweit, und seit mehr als 50 Jahren, ist der Name Mavala ein Synonym f\u00fcr Qualit\u00e4t, dank seiner speziellen und h\u00f6chst leistungsstarken Pflege- und Sch\u00f6nheitsprodukte, die in den wissenschaftlichen Mavala-Laboratorien entwickelt werden, wobei sich die Bem\u00fchungen auf Innovation und die Suche nach Perfektion konzentrieren.<\/p>\n","protected":false},"excerpt":{"rendered":"<p>Weltweit, und seit mehr als 50 Jahren, ist der Name Mavala ein Synonym f\u00fcr Qualit\u00e4t, dank seiner speziellen und h\u00f6chst leistungsstarken Pflege- und Sch\u00f6nheitsprodukte, die in den wissenschaftlichen Mavala-Laboratorien entwickelt werden, wobei sich die Bem\u00fchungen auf Innovation und die Suche nach Perfektion konzentrieren.<\/p>\n","protected":false},"featured_media":0,"template":"","meta":{"_acf_changed":false},"product_brand":[746],"product_cat":[800],"product_tag":[],"class_list":{"0":"post-58382","1":"product","2":"type-product","3":"status-publish","5":"product_brand-mavala","6":"product_cat-m","7":"pa_packungsgroesse-10ml","9":"first","10":"instock","11":"shipping-taxable","12":"purchasable","13":"product-type-simple"},"acf":[],"_links":{"self":[{"href":"https:\/\/www.ernstbrunn-apotheke.at\/katalog\/wp-json\/wp\/v2\/product\/58382","targetHints":{"allow":["GET"]}}],"collection":[{"href":"https:\/\/www.ernstbrunn-apotheke.at\/katalog\/wp-json\/wp\/v2\/product"}],"about":[{"href":"https:\/\/www.ernstbrunn-apotheke.at\/katalog\/wp-json\/wp\/v2\/types\/product"}],"wp:attachment":[{"href":"https:\/\/www.ernstbrunn-apotheke.at\/katalog\/wp-json\/wp\/v2\/media?parent=58382"}],"wp:term":[{"taxonomy":"product_brand","embeddable":true,"href":"https:\/\/www.ernstbrunn-apotheke.at\/katalog\/wp-json\/wp\/v2\/product_brand?post=58382"},{"taxonomy":"product_cat","embeddable":true,"href":"https:\/\/www.ernstbrunn-apotheke.at\/katalog\/wp-json\/wp\/v2\/product_cat?post=58382"},{"taxonomy":"product_tag","embeddable":true,"href":"https:\/\/www.ernstbrunn-apotheke.at\/katalog\/wp-json\/wp\/v2\/product_tag?post=58382"}],"curies":[{"name":"wp","href":"https:\/\/api.w.org\/{rel}","templated":true}]}}