{"id":58364,"date":"2025-11-10T22:05:18","date_gmt":"2025-11-10T21:05:18","guid":{"rendered":"https:\/\/www.ernstbrunn-apotheke.at\/katalog\/produkt\/murmeltier-creme-aet-200-ml\/"},"modified":"2025-12-08T17:11:19","modified_gmt":"2025-12-08T16:11:19","slug":"murmeltier-creme-aet-200-ml","status":"publish","type":"product","link":"https:\/\/www.ernstbrunn-apotheke.at\/katalog\/produkt\/murmeltier-creme-aet-200-ml\/","title":{"rendered":"Murmeltier Creme Aet 200 ml"},"content":{"rendered":"<p>Murmeltier Creme Aet ist ein in der Volksmedizin seit Generationen bekanntes und gern verwendetes Hausmittel. Dieses wirksame Einreibemittel eignet sich besonders f\u00fcr stark beanspruchte K\u00f6rperstellen und dient zur unterst\u00fctzenden Pflege des \u00fcberbeanspruchten Bewegungsapparates. Sehr hautpflegend bei trockener, rissiger Haut an F\u00fc\u00dfen, Knie und Ellbogen.<\/p>\n","protected":false},"excerpt":{"rendered":"<p>Murmeltier Creme Aet ist ein in der Volksmedizin seit Generationen bekanntes und gern verwendetes Hausmittel. Dieses wirksame Einreibemittel eignet sich besonders f\u00fcr stark beanspruchte K\u00f6rperstellen und dient zur unterst\u00fctzenden Pflege des \u00fcberbeanspruchten Bewegungsapparates. Sehr hautpflegend bei trockener, rissiger Haut an F\u00fc\u00dfen, Knie und Ellbogen.<\/p>\n","protected":false},"featured_media":58366,"template":"","meta":{"_acf_changed":false},"product_brand":[],"product_cat":[800],"product_tag":[],"class_list":{"0":"post-58364","1":"product","2":"type-product","3":"status-publish","4":"has-post-thumbnail","6":"product_cat-m","7":"pa_packungsgroesse-200ml","9":"first","10":"instock","11":"shipping-taxable","12":"purchasable","13":"product-type-simple"},"acf":[],"_links":{"self":[{"href":"https:\/\/www.ernstbrunn-apotheke.at\/katalog\/wp-json\/wp\/v2\/product\/58364","targetHints":{"allow":["GET"]}}],"collection":[{"href":"https:\/\/www.ernstbrunn-apotheke.at\/katalog\/wp-json\/wp\/v2\/product"}],"about":[{"href":"https:\/\/www.ernstbrunn-apotheke.at\/katalog\/wp-json\/wp\/v2\/types\/product"}],"wp:featuredmedia":[{"embeddable":true,"href":"https:\/\/www.ernstbrunn-apotheke.at\/katalog\/wp-json\/wp\/v2\/media\/58366"}],"wp:attachment":[{"href":"https:\/\/www.ernstbrunn-apotheke.at\/katalog\/wp-json\/wp\/v2\/media?parent=58364"}],"wp:term":[{"taxonomy":"product_brand","embeddable":true,"href":"https:\/\/www.ernstbrunn-apotheke.at\/katalog\/wp-json\/wp\/v2\/product_brand?post=58364"},{"taxonomy":"product_cat","embeddable":true,"href":"https:\/\/www.ernstbrunn-apotheke.at\/katalog\/wp-json\/wp\/v2\/product_cat?post=58364"},{"taxonomy":"product_tag","embeddable":true,"href":"https:\/\/www.ernstbrunn-apotheke.at\/katalog\/wp-json\/wp\/v2\/product_tag?post=58364"}],"curies":[{"name":"wp","href":"https:\/\/api.w.org\/{rel}","templated":true}]}}