{"id":58360,"date":"2025-11-10T22:05:18","date_gmt":"2025-11-10T21:05:18","guid":{"rendered":"https:\/\/www.ernstbrunn-apotheke.at\/katalog\/produkt\/bioderma-sensibio-h20-reinigungsloesung-500-ml\/"},"modified":"2025-12-08T17:11:18","modified_gmt":"2025-12-08T16:11:18","slug":"bioderma-sensibio-h20-reinigungsloesung-500-ml","status":"publish","type":"product","link":"https:\/\/www.ernstbrunn-apotheke.at\/katalog\/produkt\/bioderma-sensibio-h20-reinigungsloesung-500-ml\/","title":{"rendered":"Bioderma Sensibio H20 Reinigungsl\u00f6sung 500 ml"},"content":{"rendered":"<p>Bioderma Sensibio H20 Reinigungsl\u00f6sung 500 ml ist eine milde 4-in-1 Reinigungsl\u00f6sung (Reinigung + Make-up- + Augen-Make-up-Entferner + Gesichtswasser) beruhigt (\u00fcber-)empfindliche und allergische Haut. Auch bei irritierten, gereizten Hautstellen. Entfernt auch wasserfestes Augen-Make-up. Ohne Alkohol, ohne Silikone, ohne Parabene und ohne Duftstoffe.<\/p>\n","protected":false},"excerpt":{"rendered":"<p>Bioderma Sensibio H20 Reinigungsl\u00f6sung 500 ml ist eine milde 4-in-1 Reinigungsl\u00f6sung (Reinigung + Make-up- + Augen-Make-up-Entferner + Gesichtswasser) beruhigt (\u00fcber-)empfindliche und allergische Haut. Auch bei irritierten, gereizten Hautstellen. Entfernt auch wasserfestes Augen-Make-up. Ohne Alkohol, ohne Silikone, ohne Parabene und ohne Duftstoffe.<\/p>\n","protected":false},"featured_media":58362,"template":"","meta":{"_acf_changed":false},"product_brand":[657],"product_cat":[802],"product_tag":[],"class_list":{"0":"post-58360","1":"product","2":"type-product","3":"status-publish","4":"has-post-thumbnail","6":"product_brand-bioderma","7":"product_cat-b","8":"pa_packungsgroesse-100ml","9":"pa_packungsgroesse-250ml","10":"pa_packungsgroesse-500ml","12":"first","13":"instock","14":"shipping-taxable","15":"purchasable","16":"product-type-simple"},"acf":[],"_links":{"self":[{"href":"https:\/\/www.ernstbrunn-apotheke.at\/katalog\/wp-json\/wp\/v2\/product\/58360","targetHints":{"allow":["GET"]}}],"collection":[{"href":"https:\/\/www.ernstbrunn-apotheke.at\/katalog\/wp-json\/wp\/v2\/product"}],"about":[{"href":"https:\/\/www.ernstbrunn-apotheke.at\/katalog\/wp-json\/wp\/v2\/types\/product"}],"wp:featuredmedia":[{"embeddable":true,"href":"https:\/\/www.ernstbrunn-apotheke.at\/katalog\/wp-json\/wp\/v2\/media\/58362"}],"wp:attachment":[{"href":"https:\/\/www.ernstbrunn-apotheke.at\/katalog\/wp-json\/wp\/v2\/media?parent=58360"}],"wp:term":[{"taxonomy":"product_brand","embeddable":true,"href":"https:\/\/www.ernstbrunn-apotheke.at\/katalog\/wp-json\/wp\/v2\/product_brand?post=58360"},{"taxonomy":"product_cat","embeddable":true,"href":"https:\/\/www.ernstbrunn-apotheke.at\/katalog\/wp-json\/wp\/v2\/product_cat?post=58360"},{"taxonomy":"product_tag","embeddable":true,"href":"https:\/\/www.ernstbrunn-apotheke.at\/katalog\/wp-json\/wp\/v2\/product_tag?post=58360"}],"curies":[{"name":"wp","href":"https:\/\/api.w.org\/{rel}","templated":true}]}}