{"id":58350,"date":"2025-11-10T22:05:18","date_gmt":"2025-11-10T21:05:18","guid":{"rendered":"https:\/\/www.ernstbrunn-apotheke.at\/katalog\/produkt\/nicapur-ester-c-240-kapseln-30-stk\/"},"modified":"2025-12-08T17:11:17","modified_gmt":"2025-12-08T16:11:17","slug":"nicapur-ester-c-240-kapseln-30-stk","status":"publish","type":"product","link":"https:\/\/www.ernstbrunn-apotheke.at\/katalog\/produkt\/nicapur-ester-c-240-kapseln-30-stk\/","title":{"rendered":"Nicapur Ester C 240 Kapseln 30 Stk."},"content":{"rendered":"<p>NICApur Kapseln Ester C 240 ist ein Nahrungserg\u00e4nzung mit Vitamin C in einer speziellen nicht-sauren, magenfreundlichen Verbindung (Ester-C), die l\u00e4nger im K\u00f6rper verweilt als gew\u00f6hnliche Ascorbins\u00e4ure. Mit Bioflavonoiden und Traubenkern-OPC.<\/p>\n","protected":false},"excerpt":{"rendered":"<p>NICApur Kapseln Ester C 240 ist ein Nahrungserg\u00e4nzung mit Vitamin C in einer speziellen nicht-sauren, magenfreundlichen Verbindung (Ester-C), die l\u00e4nger im K\u00f6rper verweilt als gew\u00f6hnliche Ascorbins\u00e4ure. Mit Bioflavonoiden und Traubenkern-OPC.<\/p>\n","protected":false},"featured_media":58352,"template":"","meta":{"_acf_changed":false},"product_brand":[352],"product_cat":[797],"product_tag":[],"class_list":{"0":"post-58350","1":"product","2":"type-product","3":"status-publish","4":"has-post-thumbnail","6":"product_brand-nicapur","7":"product_cat-n","8":"pa_packungsgroesse-30-stueck","10":"first","11":"instock","12":"shipping-taxable","13":"purchasable","14":"product-type-simple"},"acf":[],"_links":{"self":[{"href":"https:\/\/www.ernstbrunn-apotheke.at\/katalog\/wp-json\/wp\/v2\/product\/58350","targetHints":{"allow":["GET"]}}],"collection":[{"href":"https:\/\/www.ernstbrunn-apotheke.at\/katalog\/wp-json\/wp\/v2\/product"}],"about":[{"href":"https:\/\/www.ernstbrunn-apotheke.at\/katalog\/wp-json\/wp\/v2\/types\/product"}],"wp:featuredmedia":[{"embeddable":true,"href":"https:\/\/www.ernstbrunn-apotheke.at\/katalog\/wp-json\/wp\/v2\/media\/58352"}],"wp:attachment":[{"href":"https:\/\/www.ernstbrunn-apotheke.at\/katalog\/wp-json\/wp\/v2\/media?parent=58350"}],"wp:term":[{"taxonomy":"product_brand","embeddable":true,"href":"https:\/\/www.ernstbrunn-apotheke.at\/katalog\/wp-json\/wp\/v2\/product_brand?post=58350"},{"taxonomy":"product_cat","embeddable":true,"href":"https:\/\/www.ernstbrunn-apotheke.at\/katalog\/wp-json\/wp\/v2\/product_cat?post=58350"},{"taxonomy":"product_tag","embeddable":true,"href":"https:\/\/www.ernstbrunn-apotheke.at\/katalog\/wp-json\/wp\/v2\/product_tag?post=58350"}],"curies":[{"name":"wp","href":"https:\/\/api.w.org\/{rel}","templated":true}]}}