{"id":58346,"date":"2025-11-10T22:05:18","date_gmt":"2025-11-10T21:05:18","guid":{"rendered":"https:\/\/www.ernstbrunn-apotheke.at\/katalog\/produkt\/quarkpack-topfenwickel-arnika-2\/"},"modified":"2025-12-08T17:11:15","modified_gmt":"2025-12-08T16:11:15","slug":"quarkpack-topfenwickel-arnika-2","status":"publish","type":"product","link":"https:\/\/www.ernstbrunn-apotheke.at\/katalog\/produkt\/quarkpack-topfenwickel-arnika-2\/","title":{"rendered":"Quarkpack Topfenwickel Arnika"},"content":{"rendered":"<p>Quarkpack Topfenwickel Arnika ist eine leicht und sauber anzuwendende Alternative zum klassischen Topfenwickel. Durch die einfache Handhabung bleiben keine klebrigen Reste zur\u00fcck und zus\u00e4tzliche Arnika wirkt entz\u00fcndungshemmend. Dieses Produkt erhalten Sie in den Packungsgr\u00f6\u00dfen 4 und 5 St\u00fcck.<\/p>\n","protected":false},"excerpt":{"rendered":"<p>Quarkpack Topfenwickel Arnika ist eine leicht und sauber anzuwendende Alternative zum klassischen Topfenwickel. Durch die einfache Handhabung bleiben keine klebrigen Reste zur\u00fcck und zus\u00e4tzliche Arnika wirkt entz\u00fcndungshemmend. Dieses Produkt erhalten Sie in den Packungsgr\u00f6\u00dfen 4 und 5 St\u00fcck.<\/p>\n","protected":false},"featured_media":58348,"template":"","meta":{"_acf_changed":false},"product_brand":[],"product_cat":[936],"product_tag":[],"class_list":{"0":"post-58346","1":"product","2":"type-product","3":"status-publish","4":"has-post-thumbnail","6":"product_cat-q","7":"pa_packungsgroesse-5-stueck","9":"first","10":"instock","11":"shipping-taxable","12":"purchasable","13":"product-type-simple"},"acf":[],"_links":{"self":[{"href":"https:\/\/www.ernstbrunn-apotheke.at\/katalog\/wp-json\/wp\/v2\/product\/58346","targetHints":{"allow":["GET"]}}],"collection":[{"href":"https:\/\/www.ernstbrunn-apotheke.at\/katalog\/wp-json\/wp\/v2\/product"}],"about":[{"href":"https:\/\/www.ernstbrunn-apotheke.at\/katalog\/wp-json\/wp\/v2\/types\/product"}],"wp:featuredmedia":[{"embeddable":true,"href":"https:\/\/www.ernstbrunn-apotheke.at\/katalog\/wp-json\/wp\/v2\/media\/58348"}],"wp:attachment":[{"href":"https:\/\/www.ernstbrunn-apotheke.at\/katalog\/wp-json\/wp\/v2\/media?parent=58346"}],"wp:term":[{"taxonomy":"product_brand","embeddable":true,"href":"https:\/\/www.ernstbrunn-apotheke.at\/katalog\/wp-json\/wp\/v2\/product_brand?post=58346"},{"taxonomy":"product_cat","embeddable":true,"href":"https:\/\/www.ernstbrunn-apotheke.at\/katalog\/wp-json\/wp\/v2\/product_cat?post=58346"},{"taxonomy":"product_tag","embeddable":true,"href":"https:\/\/www.ernstbrunn-apotheke.at\/katalog\/wp-json\/wp\/v2\/product_tag?post=58346"}],"curies":[{"name":"wp","href":"https:\/\/api.w.org\/{rel}","templated":true}]}}