{"id":58343,"date":"2025-11-10T22:04:13","date_gmt":"2025-11-10T21:04:13","guid":{"rendered":"https:\/\/www.ernstbrunn-apotheke.at\/katalog\/produkt\/dr-kottas-schwedenbitter-safran-2\/"},"modified":"2025-12-08T17:11:14","modified_gmt":"2025-12-08T16:11:14","slug":"dr-kottas-schwedenbitter-safran-2","status":"publish","type":"product","link":"https:\/\/www.ernstbrunn-apotheke.at\/katalog\/produkt\/dr-kottas-schwedenbitter-safran-2\/","title":{"rendered":"Dr. Kottas Schwedenbitter + Safran"},"content":{"rendered":"<p>Dr. Kottas Schwedenbitter mit 17 Kr\u00e4utern, unter anderem auch Safran, wird von Original Dr. Kottas nach einem alten Hausrezept produziert. Aufgrund der verschiedenen Bitterkr\u00e4uter, wirkt er verdauungsf\u00f6rdernd, nicht nur nach dem Essen, sondern auch bei Appetitlosigkeit. Der Schwedenbitter ist auch bei \u00e4u\u00dferer Anwendung, zur Behandlung von Muskel- und Gelenkschmerzen, gewinnbringend. Das Getr\u00e4nk enth\u00e4lt keinen zugesetzten Zucker und ist nicht nur Laktose sondern auch Gluten frei &#8211; jetzt alle Produkte von Dr. Kottas zu g\u00fcnstigen Preisen bestellen!<\/p>\n","protected":false},"excerpt":{"rendered":"<p>Dr. Kottas Schwedenbitter mit 17 Kr\u00e4utern, unter anderem auch Safran, wird von Original Dr. Kottas nach einem alten Hausrezept produziert. Aufgrund der verschiedenen Bitterkr\u00e4uter, wirkt er verdauungsf\u00f6rdernd, nicht nur nach dem Essen, sondern auch bei Appetitlosigkeit. Der Schwedenbitter ist auch bei \u00e4u\u00dferer Anwendung, zur Behandlung von Muskel- und Gelenkschmerzen, gewinnbringend. Das Getr\u00e4nk enth\u00e4lt keinen zugesetzten [&hellip;]<\/p>\n","protected":false},"featured_media":58345,"template":"","meta":{"_acf_changed":false},"product_brand":[340],"product_cat":[792],"product_tag":[],"class_list":{"0":"post-58343","1":"product","2":"type-product","3":"status-publish","4":"has-post-thumbnail","6":"product_brand-dr-kottas","7":"product_cat-d","8":"pa_packungsgroesse-500ml","10":"first","11":"instock","12":"shipping-taxable","13":"purchasable","14":"product-type-simple"},"acf":[],"_links":{"self":[{"href":"https:\/\/www.ernstbrunn-apotheke.at\/katalog\/wp-json\/wp\/v2\/product\/58343","targetHints":{"allow":["GET"]}}],"collection":[{"href":"https:\/\/www.ernstbrunn-apotheke.at\/katalog\/wp-json\/wp\/v2\/product"}],"about":[{"href":"https:\/\/www.ernstbrunn-apotheke.at\/katalog\/wp-json\/wp\/v2\/types\/product"}],"wp:featuredmedia":[{"embeddable":true,"href":"https:\/\/www.ernstbrunn-apotheke.at\/katalog\/wp-json\/wp\/v2\/media\/58345"}],"wp:attachment":[{"href":"https:\/\/www.ernstbrunn-apotheke.at\/katalog\/wp-json\/wp\/v2\/media?parent=58343"}],"wp:term":[{"taxonomy":"product_brand","embeddable":true,"href":"https:\/\/www.ernstbrunn-apotheke.at\/katalog\/wp-json\/wp\/v2\/product_brand?post=58343"},{"taxonomy":"product_cat","embeddable":true,"href":"https:\/\/www.ernstbrunn-apotheke.at\/katalog\/wp-json\/wp\/v2\/product_cat?post=58343"},{"taxonomy":"product_tag","embeddable":true,"href":"https:\/\/www.ernstbrunn-apotheke.at\/katalog\/wp-json\/wp\/v2\/product_tag?post=58343"}],"curies":[{"name":"wp","href":"https:\/\/api.w.org\/{rel}","templated":true}]}}