{"id":58272,"date":"2025-11-10T22:03:35","date_gmt":"2025-11-10T21:03:35","guid":{"rendered":"https:\/\/www.ernstbrunn-apotheke.at\/katalog\/produkt\/phyto-hair-booster-tonikum-200-ml\/"},"modified":"2025-12-08T17:10:57","modified_gmt":"2025-12-08T16:10:57","slug":"phyto-hair-booster-tonikum-200-ml","status":"publish","type":"product","link":"https:\/\/www.ernstbrunn-apotheke.at\/katalog\/produkt\/phyto-hair-booster-tonikum-200-ml\/","title":{"rendered":"Phyto Hair Booster Tonikum 200 ml"},"content":{"rendered":"<p>Das Phyto Hair Booster Tonikum 200 ml ist die pflanzliche L\u00f6sung f\u00fcr gesundes Haarwachstum. Das Tonikum ist ein regelrechtes Energie- und Vitalit\u00e4tsbad zur Kr\u00e4ftigung des Haares, es revitalisiert und l\u00e4sst das Haar an St\u00e4rke und Dichte gewinnen.<\/p>\n","protected":false},"excerpt":{"rendered":"<p>Das Phyto Hair Booster Tonikum 200 ml ist die pflanzliche L\u00f6sung f\u00fcr gesundes Haarwachstum. Das Tonikum ist ein regelrechtes Energie- und Vitalit\u00e4tsbad zur Kr\u00e4ftigung des Haares, es revitalisiert und l\u00e4sst das Haar an St\u00e4rke und Dichte gewinnen.<\/p>\n","protected":false},"featured_media":58274,"template":"","meta":{"_acf_changed":false},"product_brand":[],"product_cat":[793],"product_tag":[],"class_list":{"0":"post-58272","1":"product","2":"type-product","3":"status-publish","4":"has-post-thumbnail","6":"product_cat-p","7":"pa_packungsgroesse-200ml","9":"first","10":"instock","11":"shipping-taxable","12":"purchasable","13":"product-type-simple"},"acf":[],"_links":{"self":[{"href":"https:\/\/www.ernstbrunn-apotheke.at\/katalog\/wp-json\/wp\/v2\/product\/58272","targetHints":{"allow":["GET"]}}],"collection":[{"href":"https:\/\/www.ernstbrunn-apotheke.at\/katalog\/wp-json\/wp\/v2\/product"}],"about":[{"href":"https:\/\/www.ernstbrunn-apotheke.at\/katalog\/wp-json\/wp\/v2\/types\/product"}],"wp:featuredmedia":[{"embeddable":true,"href":"https:\/\/www.ernstbrunn-apotheke.at\/katalog\/wp-json\/wp\/v2\/media\/58274"}],"wp:attachment":[{"href":"https:\/\/www.ernstbrunn-apotheke.at\/katalog\/wp-json\/wp\/v2\/media?parent=58272"}],"wp:term":[{"taxonomy":"product_brand","embeddable":true,"href":"https:\/\/www.ernstbrunn-apotheke.at\/katalog\/wp-json\/wp\/v2\/product_brand?post=58272"},{"taxonomy":"product_cat","embeddable":true,"href":"https:\/\/www.ernstbrunn-apotheke.at\/katalog\/wp-json\/wp\/v2\/product_cat?post=58272"},{"taxonomy":"product_tag","embeddable":true,"href":"https:\/\/www.ernstbrunn-apotheke.at\/katalog\/wp-json\/wp\/v2\/product_tag?post=58272"}],"curies":[{"name":"wp","href":"https:\/\/api.w.org\/{rel}","templated":true}]}}