{"id":58255,"date":"2025-11-10T22:03:35","date_gmt":"2025-11-10T21:03:35","guid":{"rendered":"https:\/\/www.ernstbrunn-apotheke.at\/katalog\/produkt\/dr-owl-regeneraid-35-g-sachet-pulver-1-stk\/"},"modified":"2025-12-08T17:10:48","modified_gmt":"2025-12-08T16:10:48","slug":"dr-owl-regeneraid-35-g-sachet-pulver-1-stk","status":"publish","type":"product","link":"https:\/\/www.ernstbrunn-apotheke.at\/katalog\/produkt\/dr-owl-regeneraid-35-g-sachet-pulver-1-stk\/","title":{"rendered":"Dr. Owl Regeneraid 35 g Sachet Pulver 1 Stk."},"content":{"rendered":"<p>Dr. Owl Regeneraid ist das weltweit erste Nahrungserg\u00e4nzungsmittel entwickelt um die k\u00f6rperliche und geistige Regeneration zu f\u00f6rdern. Das gr\u00fcne Mikron\u00e4hrstoffkonzentrat aktiviert die Zellregeneration in den stark beanspruchten Teilen des K\u00f6rpers, wie der Leber, dem Gehirn oder den Muskeln. Regeneraid wird mit Wasser zu einem herrlich frischen und aktivierenden Regenerationsgetr\u00e4nk gemischt &#8211; f\u00fcr mehr Gesundheit &#038; Leistungsf\u00e4higkeit im Job, beim Sport und im Leben<\/p>\n","protected":false},"excerpt":{"rendered":"<p>Dr. Owl Regeneraid ist das weltweit erste Nahrungserg\u00e4nzungsmittel entwickelt um die k\u00f6rperliche und geistige Regeneration zu f\u00f6rdern. Das gr\u00fcne Mikron\u00e4hrstoffkonzentrat aktiviert die Zellregeneration in den stark beanspruchten Teilen des K\u00f6rpers, wie der Leber, dem Gehirn oder den Muskeln. Regeneraid wird mit Wasser zu einem herrlich frischen und aktivierenden Regenerationsgetr\u00e4nk gemischt &#8211; f\u00fcr mehr Gesundheit &#038; [&hellip;]<\/p>\n","protected":false},"featured_media":58257,"template":"","meta":{"_acf_changed":false},"product_brand":[],"product_cat":[792],"product_tag":[],"class_list":{"0":"post-58255","1":"product","2":"type-product","3":"status-publish","4":"has-post-thumbnail","6":"product_cat-d","7":"pa_packungsgroesse-1-beutel","9":"first","10":"instock","11":"shipping-taxable","12":"purchasable","13":"product-type-simple"},"acf":[],"_links":{"self":[{"href":"https:\/\/www.ernstbrunn-apotheke.at\/katalog\/wp-json\/wp\/v2\/product\/58255","targetHints":{"allow":["GET"]}}],"collection":[{"href":"https:\/\/www.ernstbrunn-apotheke.at\/katalog\/wp-json\/wp\/v2\/product"}],"about":[{"href":"https:\/\/www.ernstbrunn-apotheke.at\/katalog\/wp-json\/wp\/v2\/types\/product"}],"wp:featuredmedia":[{"embeddable":true,"href":"https:\/\/www.ernstbrunn-apotheke.at\/katalog\/wp-json\/wp\/v2\/media\/58257"}],"wp:attachment":[{"href":"https:\/\/www.ernstbrunn-apotheke.at\/katalog\/wp-json\/wp\/v2\/media?parent=58255"}],"wp:term":[{"taxonomy":"product_brand","embeddable":true,"href":"https:\/\/www.ernstbrunn-apotheke.at\/katalog\/wp-json\/wp\/v2\/product_brand?post=58255"},{"taxonomy":"product_cat","embeddable":true,"href":"https:\/\/www.ernstbrunn-apotheke.at\/katalog\/wp-json\/wp\/v2\/product_cat?post=58255"},{"taxonomy":"product_tag","embeddable":true,"href":"https:\/\/www.ernstbrunn-apotheke.at\/katalog\/wp-json\/wp\/v2\/product_tag?post=58255"}],"curies":[{"name":"wp","href":"https:\/\/api.w.org\/{rel}","templated":true}]}}