{"id":58180,"date":"2025-11-10T22:01:27","date_gmt":"2025-11-10T21:01:27","guid":{"rendered":"https:\/\/www.ernstbrunn-apotheke.at\/katalog\/produkt\/nicapur-vitamin-d3-fluessig-25-ml\/"},"modified":"2025-12-08T17:10:26","modified_gmt":"2025-12-08T16:10:26","slug":"nicapur-vitamin-d3-fluessig-25-ml","status":"publish","type":"product","link":"https:\/\/www.ernstbrunn-apotheke.at\/katalog\/produkt\/nicapur-vitamin-d3-fluessig-25-ml\/","title":{"rendered":"Nicapur Vitamin D3 fl\u00fcssig 25 ml"},"content":{"rendered":"<p>Nicapur Vitamin D3 fl\u00fcssig ist ein Nahrungserg\u00e4nzungsmittel in fl\u00fcssiger Form das angenehm im Geschmack und besonders reich an Vitamin D ist. Vitamin D unterst\u00fctzt eine normale Funktion des Immunsystems, leistet einen wesentlichen Beitrag f\u00fcr die Knochen und die Funktion der Muskeln und erh\u00e4lt den Calciumspiegel im Blut aufrecht.<\/p>\n","protected":false},"excerpt":{"rendered":"<p>Nicapur Vitamin D3 fl\u00fcssig ist ein Nahrungserg\u00e4nzungsmittel in fl\u00fcssiger Form das angenehm im Geschmack und besonders reich an Vitamin D ist. Vitamin D unterst\u00fctzt eine normale Funktion des Immunsystems, leistet einen wesentlichen Beitrag f\u00fcr die Knochen und die Funktion der Muskeln und erh\u00e4lt den Calciumspiegel im Blut aufrecht.<\/p>\n","protected":false},"featured_media":58182,"template":"","meta":{"_acf_changed":false},"product_brand":[352],"product_cat":[797],"product_tag":[],"class_list":{"0":"post-58180","1":"product","2":"type-product","3":"status-publish","4":"has-post-thumbnail","6":"product_brand-nicapur","7":"product_cat-n","8":"pa_packungsgroesse-25ml","10":"first","11":"instock","12":"shipping-taxable","13":"purchasable","14":"product-type-simple"},"acf":[],"_links":{"self":[{"href":"https:\/\/www.ernstbrunn-apotheke.at\/katalog\/wp-json\/wp\/v2\/product\/58180","targetHints":{"allow":["GET"]}}],"collection":[{"href":"https:\/\/www.ernstbrunn-apotheke.at\/katalog\/wp-json\/wp\/v2\/product"}],"about":[{"href":"https:\/\/www.ernstbrunn-apotheke.at\/katalog\/wp-json\/wp\/v2\/types\/product"}],"wp:featuredmedia":[{"embeddable":true,"href":"https:\/\/www.ernstbrunn-apotheke.at\/katalog\/wp-json\/wp\/v2\/media\/58182"}],"wp:attachment":[{"href":"https:\/\/www.ernstbrunn-apotheke.at\/katalog\/wp-json\/wp\/v2\/media?parent=58180"}],"wp:term":[{"taxonomy":"product_brand","embeddable":true,"href":"https:\/\/www.ernstbrunn-apotheke.at\/katalog\/wp-json\/wp\/v2\/product_brand?post=58180"},{"taxonomy":"product_cat","embeddable":true,"href":"https:\/\/www.ernstbrunn-apotheke.at\/katalog\/wp-json\/wp\/v2\/product_cat?post=58180"},{"taxonomy":"product_tag","embeddable":true,"href":"https:\/\/www.ernstbrunn-apotheke.at\/katalog\/wp-json\/wp\/v2\/product_tag?post=58180"}],"curies":[{"name":"wp","href":"https:\/\/api.w.org\/{rel}","templated":true}]}}