{"id":58138,"date":"2025-11-10T22:01:27","date_gmt":"2025-11-10T21:01:27","guid":{"rendered":"https:\/\/www.ernstbrunn-apotheke.at\/katalog\/produkt\/nicapur-calcium-300-d-kapseln-60-stk\/"},"modified":"2025-12-08T17:10:13","modified_gmt":"2025-12-08T16:10:13","slug":"nicapur-calcium-300-d-kapseln-60-stk","status":"publish","type":"product","link":"https:\/\/www.ernstbrunn-apotheke.at\/katalog\/produkt\/nicapur-calcium-300-d-kapseln-60-stk\/","title":{"rendered":"Nicapur Calcium 300 D Kapseln 60 Stk."},"content":{"rendered":"<p>Nicapur Calcium 300 D Kapseln sind ein Nahrungserg\u00e4nzungsmittel mit dem Mineralstoff Calcium aus nat\u00fcrlicher Quelle und Vitamin D. Calcium ist ein essentieller Mineralstoff zur Erhaltung von Knochen und Z\u00e4hnen und f\u00fcr die Funktion von Muskeln und Nerven. Calcium und Vitamin D arbeiten im K\u00f6rper eng zusammen und werden f\u00fcr den gesunden Knochenstoffwechsel ben\u00f6tigt..<\/p>\n","protected":false},"excerpt":{"rendered":"<p>Nicapur Calcium 300 D Kapseln sind ein Nahrungserg\u00e4nzungsmittel mit dem Mineralstoff Calcium aus nat\u00fcrlicher Quelle und Vitamin D. Calcium ist ein essentieller Mineralstoff zur Erhaltung von Knochen und Z\u00e4hnen und f\u00fcr die Funktion von Muskeln und Nerven. Calcium und Vitamin D arbeiten im K\u00f6rper eng zusammen und werden f\u00fcr den gesunden Knochenstoffwechsel ben\u00f6tigt..<\/p>\n","protected":false},"featured_media":58140,"template":"","meta":{"_acf_changed":false},"product_brand":[352],"product_cat":[797],"product_tag":[],"class_list":{"0":"post-58138","1":"product","2":"type-product","3":"status-publish","4":"has-post-thumbnail","6":"product_brand-nicapur","7":"product_cat-n","8":"pa_packungsgroesse-60-stueck","10":"first","11":"instock","12":"shipping-taxable","13":"purchasable","14":"product-type-simple"},"acf":[],"_links":{"self":[{"href":"https:\/\/www.ernstbrunn-apotheke.at\/katalog\/wp-json\/wp\/v2\/product\/58138","targetHints":{"allow":["GET"]}}],"collection":[{"href":"https:\/\/www.ernstbrunn-apotheke.at\/katalog\/wp-json\/wp\/v2\/product"}],"about":[{"href":"https:\/\/www.ernstbrunn-apotheke.at\/katalog\/wp-json\/wp\/v2\/types\/product"}],"wp:featuredmedia":[{"embeddable":true,"href":"https:\/\/www.ernstbrunn-apotheke.at\/katalog\/wp-json\/wp\/v2\/media\/58140"}],"wp:attachment":[{"href":"https:\/\/www.ernstbrunn-apotheke.at\/katalog\/wp-json\/wp\/v2\/media?parent=58138"}],"wp:term":[{"taxonomy":"product_brand","embeddable":true,"href":"https:\/\/www.ernstbrunn-apotheke.at\/katalog\/wp-json\/wp\/v2\/product_brand?post=58138"},{"taxonomy":"product_cat","embeddable":true,"href":"https:\/\/www.ernstbrunn-apotheke.at\/katalog\/wp-json\/wp\/v2\/product_cat?post=58138"},{"taxonomy":"product_tag","embeddable":true,"href":"https:\/\/www.ernstbrunn-apotheke.at\/katalog\/wp-json\/wp\/v2\/product_tag?post=58138"}],"curies":[{"name":"wp","href":"https:\/\/api.w.org\/{rel}","templated":true}]}}