{"id":58001,"date":"2025-11-10T21:58:19","date_gmt":"2025-11-10T20:58:19","guid":{"rendered":"https:\/\/www.ernstbrunn-apotheke.at\/katalog\/produkt\/nicapur-ferroverde-21-60-stk\/"},"modified":"2025-12-08T17:09:34","modified_gmt":"2025-12-08T16:09:34","slug":"nicapur-ferroverde-21-60-stk","status":"publish","type":"product","link":"https:\/\/www.ernstbrunn-apotheke.at\/katalog\/produkt\/nicapur-ferroverde-21-60-stk\/","title":{"rendered":"Nicapur Ferroverde 21 60 Stk."},"content":{"rendered":"<p>Ferroverde 21 ist ein Nahrungserg\u00e4nzungsmittel und dient zur Verbesserung der Eisenversorgung insbesondere bei erh\u00f6htem Eisenbedarf. Ferroverde 21 liefert 21 mg Eisen aus rein nat\u00fcrlicher Quelle (aus dem Pilz Aspergillus oryzae) in Kombination mit nat\u00fcrlichem Vitamin C aus der Amla-Frucht. Das essentielle Spurenelement Eisen kann vom K\u00f6rper gut aufgenommen werden und die Eisenspeicher f\u00fcllen. .<\/p>\n","protected":false},"excerpt":{"rendered":"<p>Ferroverde 21 ist ein Nahrungserg\u00e4nzungsmittel und dient zur Verbesserung der Eisenversorgung insbesondere bei erh\u00f6htem Eisenbedarf. Ferroverde 21 liefert 21 mg Eisen aus rein nat\u00fcrlicher Quelle (aus dem Pilz Aspergillus oryzae) in Kombination mit nat\u00fcrlichem Vitamin C aus der Amla-Frucht. Das essentielle Spurenelement Eisen kann vom K\u00f6rper gut aufgenommen werden und die Eisenspeicher f\u00fcllen. .<\/p>\n","protected":false},"featured_media":58003,"template":"","meta":{"_acf_changed":false},"product_brand":[352],"product_cat":[797],"product_tag":[],"class_list":{"0":"post-58001","1":"product","2":"type-product","3":"status-publish","4":"has-post-thumbnail","6":"product_brand-nicapur","7":"product_cat-n","8":"pa_packungsgroesse-60-stueck","10":"first","11":"instock","12":"shipping-taxable","13":"purchasable","14":"product-type-simple"},"acf":[],"_links":{"self":[{"href":"https:\/\/www.ernstbrunn-apotheke.at\/katalog\/wp-json\/wp\/v2\/product\/58001","targetHints":{"allow":["GET"]}}],"collection":[{"href":"https:\/\/www.ernstbrunn-apotheke.at\/katalog\/wp-json\/wp\/v2\/product"}],"about":[{"href":"https:\/\/www.ernstbrunn-apotheke.at\/katalog\/wp-json\/wp\/v2\/types\/product"}],"wp:featuredmedia":[{"embeddable":true,"href":"https:\/\/www.ernstbrunn-apotheke.at\/katalog\/wp-json\/wp\/v2\/media\/58003"}],"wp:attachment":[{"href":"https:\/\/www.ernstbrunn-apotheke.at\/katalog\/wp-json\/wp\/v2\/media?parent=58001"}],"wp:term":[{"taxonomy":"product_brand","embeddable":true,"href":"https:\/\/www.ernstbrunn-apotheke.at\/katalog\/wp-json\/wp\/v2\/product_brand?post=58001"},{"taxonomy":"product_cat","embeddable":true,"href":"https:\/\/www.ernstbrunn-apotheke.at\/katalog\/wp-json\/wp\/v2\/product_cat?post=58001"},{"taxonomy":"product_tag","embeddable":true,"href":"https:\/\/www.ernstbrunn-apotheke.at\/katalog\/wp-json\/wp\/v2\/product_tag?post=58001"}],"curies":[{"name":"wp","href":"https:\/\/api.w.org\/{rel}","templated":true}]}}