{"id":57951,"date":"2025-11-10T21:56:51","date_gmt":"2025-11-10T20:56:51","guid":{"rendered":"https:\/\/www.ernstbrunn-apotheke.at\/katalog\/produkt\/dermaplast-medical-pflaster-atmungsaktiv-5-stk-2\/"},"modified":"2025-12-08T17:09:23","modified_gmt":"2025-12-08T16:09:23","slug":"dermaplast-medical-pflaster-atmungsaktiv-5-stk-2","status":"publish","type":"product","link":"https:\/\/www.ernstbrunn-apotheke.at\/katalog\/produkt\/dermaplast-medical-pflaster-atmungsaktiv-5-stk-2\/","title":{"rendered":"Dermaplast Medical Pflaster atmungsaktiv 5 Stk."},"content":{"rendered":"<p>Mit einem breiten Spektrum anwendergerechter Produkte und ma\u00dfgeschneiderter Serviceleistungen bietet Hartmann innovative Systemangebote f\u00fcr Profis in Medizin und Pflege. Damit tr\u00e4gt Hartmann Paul Gmbh dazu bei, die t\u00e4gliche Arbeit zum Wohl der Patienten effektiv und wirtschaftlich zu gestalten. Partnerschaftlich, pragmatisch, passioniert  jetzt mit hohem Rabatt bestellen!<\/p>\n","protected":false},"excerpt":{"rendered":"<p>Mit einem breiten Spektrum anwendergerechter Produkte und ma\u00dfgeschneiderter Serviceleistungen bietet Hartmann innovative Systemangebote f\u00fcr Profis in Medizin und Pflege. Damit tr\u00e4gt Hartmann Paul Gmbh dazu bei, die t\u00e4gliche Arbeit zum Wohl der Patienten effektiv und wirtschaftlich zu gestalten. Partnerschaftlich, pragmatisch, passioniert jetzt mit hohem Rabatt bestellen!<\/p>\n","protected":false},"featured_media":57953,"template":"","meta":{"_acf_changed":false},"product_brand":[988],"product_cat":[792],"product_tag":[],"class_list":{"0":"post-57951","1":"product","2":"type-product","3":"status-publish","4":"has-post-thumbnail","6":"product_brand-dermaplast","7":"product_cat-d","8":"pa_packungsgroesse-5-stueck","10":"first","11":"instock","12":"shipping-taxable","13":"purchasable","14":"product-type-simple"},"acf":[],"_links":{"self":[{"href":"https:\/\/www.ernstbrunn-apotheke.at\/katalog\/wp-json\/wp\/v2\/product\/57951","targetHints":{"allow":["GET"]}}],"collection":[{"href":"https:\/\/www.ernstbrunn-apotheke.at\/katalog\/wp-json\/wp\/v2\/product"}],"about":[{"href":"https:\/\/www.ernstbrunn-apotheke.at\/katalog\/wp-json\/wp\/v2\/types\/product"}],"wp:featuredmedia":[{"embeddable":true,"href":"https:\/\/www.ernstbrunn-apotheke.at\/katalog\/wp-json\/wp\/v2\/media\/57953"}],"wp:attachment":[{"href":"https:\/\/www.ernstbrunn-apotheke.at\/katalog\/wp-json\/wp\/v2\/media?parent=57951"}],"wp:term":[{"taxonomy":"product_brand","embeddable":true,"href":"https:\/\/www.ernstbrunn-apotheke.at\/katalog\/wp-json\/wp\/v2\/product_brand?post=57951"},{"taxonomy":"product_cat","embeddable":true,"href":"https:\/\/www.ernstbrunn-apotheke.at\/katalog\/wp-json\/wp\/v2\/product_cat?post=57951"},{"taxonomy":"product_tag","embeddable":true,"href":"https:\/\/www.ernstbrunn-apotheke.at\/katalog\/wp-json\/wp\/v2\/product_tag?post=57951"}],"curies":[{"name":"wp","href":"https:\/\/api.w.org\/{rel}","templated":true}]}}