{"id":57816,"date":"2025-11-10T21:55:10","date_gmt":"2025-11-10T20:55:10","guid":{"rendered":"https:\/\/www.ernstbrunn-apotheke.at\/katalog\/produkt\/leukoplast-elastic-strip-40-stk-groesse-4\/"},"modified":"2025-12-08T17:08:45","modified_gmt":"2025-12-08T16:08:45","slug":"leukoplast-elastic-strip-40-stk-groesse-4","status":"publish","type":"product","link":"https:\/\/www.ernstbrunn-apotheke.at\/katalog\/produkt\/leukoplast-elastic-strip-40-stk-groesse-4\/","title":{"rendered":"Leukoplast Elastic Strip 40 Stk. Gr\u00f6\u00dfe 4"},"content":{"rendered":"<p>Leukoplast Elastic Strip ist besonders flexibel, elastisch und bequem. Es klebt sogar oben auf Gelenken, Fingern und anderen K\u00f6rperteilen, die Sie viel bewegen. Zuverl\u00e4ssige Haftfestigkeit sorgt auch bei starker Schwei\u00dfbildung daf\u00fcr, dass das Pflaster klebt.<\/p>\n","protected":false},"excerpt":{"rendered":"<p>Leukoplast Elastic Strip ist besonders flexibel, elastisch und bequem. Es klebt sogar oben auf Gelenken, Fingern und anderen K\u00f6rperteilen, die Sie viel bewegen. Zuverl\u00e4ssige Haftfestigkeit sorgt auch bei starker Schwei\u00dfbildung daf\u00fcr, dass das Pflaster klebt.<\/p>\n","protected":false},"featured_media":57818,"template":"","meta":{"_acf_changed":false},"product_brand":[980],"product_cat":[795],"product_tag":[],"class_list":{"0":"post-57816","1":"product","2":"type-product","3":"status-publish","4":"has-post-thumbnail","6":"product_brand-leukoplast","7":"product_cat-l","8":"pa_packungsgroesse-40-stueck","10":"first","11":"instock","12":"shipping-taxable","13":"purchasable","14":"product-type-simple"},"acf":[],"_links":{"self":[{"href":"https:\/\/www.ernstbrunn-apotheke.at\/katalog\/wp-json\/wp\/v2\/product\/57816","targetHints":{"allow":["GET"]}}],"collection":[{"href":"https:\/\/www.ernstbrunn-apotheke.at\/katalog\/wp-json\/wp\/v2\/product"}],"about":[{"href":"https:\/\/www.ernstbrunn-apotheke.at\/katalog\/wp-json\/wp\/v2\/types\/product"}],"wp:featuredmedia":[{"embeddable":true,"href":"https:\/\/www.ernstbrunn-apotheke.at\/katalog\/wp-json\/wp\/v2\/media\/57818"}],"wp:attachment":[{"href":"https:\/\/www.ernstbrunn-apotheke.at\/katalog\/wp-json\/wp\/v2\/media?parent=57816"}],"wp:term":[{"taxonomy":"product_brand","embeddable":true,"href":"https:\/\/www.ernstbrunn-apotheke.at\/katalog\/wp-json\/wp\/v2\/product_brand?post=57816"},{"taxonomy":"product_cat","embeddable":true,"href":"https:\/\/www.ernstbrunn-apotheke.at\/katalog\/wp-json\/wp\/v2\/product_cat?post=57816"},{"taxonomy":"product_tag","embeddable":true,"href":"https:\/\/www.ernstbrunn-apotheke.at\/katalog\/wp-json\/wp\/v2\/product_tag?post=57816"}],"curies":[{"name":"wp","href":"https:\/\/api.w.org\/{rel}","templated":true}]}}